{"id":11,"date":"2020-10-07T08:08:01","date_gmt":"2020-10-07T08:08:01","guid":{"rendered":"https:\/\/sqs-pci.de\/WP\/?page_id=11"},"modified":"2020-10-07T08:08:01","modified_gmt":"2020-10-07T08:08:01","slug":"wer-wir-sind","status":"publish","type":"page","link":"https:\/\/schneider-it.systems\/index.php\/wer-wir-sind\/","title":{"rendered":"wer wir sind"},"content":{"rendered":"<p><strong><span class=\"Default-C\">PC Connection unterst\u00fctzt seit mehr als 30 Jahren <\/span><\/strong><strong><img loading=\"lazy\" decoding=\"async\" class=\"wp-image-51 alignright\" src=\"https:\/\/schneider-it.systems\/wp-content\/uploads\/2020\/10\/alberta-2297204_1920-300x202.jpg\" alt=\"\" width=\"411\" height=\"277\" srcset=\"https:\/\/schneider-it.systems\/wp-content\/uploads\/2020\/10\/alberta-2297204_1920-300x202.jpg 300w, https:\/\/schneider-it.systems\/wp-content\/uploads\/2020\/10\/alberta-2297204_1920-1024x690.jpg 1024w, https:\/\/schneider-it.systems\/wp-content\/uploads\/2020\/10\/alberta-2297204_1920-768x517.jpg 768w, https:\/\/schneider-it.systems\/wp-content\/uploads\/2020\/10\/alberta-2297204_1920-1536x1034.jpg 1536w, https:\/\/schneider-it.systems\/wp-content\/uploads\/2020\/10\/alberta-2297204_1920.jpg 1920w\" sizes=\"auto, (max-width: 411px) 100vw, 411px\" \/><\/strong><br \/>\n<strong><span class=\"Default-C\">Betriebe in Handel, Handwerk, Industrie,<br \/>\nDienstleister, Rechtsanw\u00e4lte und \u00c4rzte<\/span><\/strong><\/p>\n<p class=\"Normal-P\"><span class=\"Normal-C0\">Seit ca. 12 Jahren sind wir auch im Gesundheitssektor t\u00e4tig und unterst\u00fctzen ambulante Arztpraxen bei der Dokumentation der Qualit\u00e4tssicherung. Mit der L\u00f6sung <\/span><span class=\"Normal-C1\">QS-<wbr \/>Kardio-<wbr \/>Befund<\/span> <span class=\"Normal-C0\">haben wir<\/span> <span class=\"Normal-C0\">kardiologische Praxen bei der Erfassung von qualit\u00e4tsrelevanten Daten zur Erstellung von Befundb\u00f6gen und der f\u00fcr das Qualit\u00e4tsmanagement ben\u00f6tigten Reports und Statistiken unterst\u00fctzt.<\/span><\/p>\n<p class=\"Normal-P\"><span class=\"Normal-C0\">\u00a0<\/span><span class=\"Normal-C0\">Seit dem 1. Januar 2016 wurden alle invasiv t\u00e4tigen Kardiologen im Rahmen des ersten themenspezifischen sQS-<wbr \/>Verfahrens &#8222;Perkutane Koronarintervention (PCI) und Koronarangiographie&#8220; verpflichtet, Herzkatheter-<wbr \/>Untersuchungen und perkutane Koronarintervention bei gesetzlich versicherten Patienten zu dokumentieren. Darum haben wir unser System um die Erfassung der f\u00fcr die sektoren\u00fcbergreifenden Qualit\u00e4tssicherung ben\u00f6tigten Daten erg\u00e4nzt und ein Modul zur \u00dcbermittlung der Daten an die Datenannahmestellen bereitgestellt. Die L\u00f6sung <\/span><a title=\"QS-Kardio\" href=\"https:\/\/qs-kardio.de\"><span class=\"Normal-C1\">QS-<wbr \/>Kardio<\/span><\/a><span class=\"Normal-C0\"> \u00a0wurde am 10.02.2017 durch die KBV zertifiziert und auch von der kv.digital, (ehemals KV-<wbr \/>Telematik) f\u00fcr KV-<wbr \/>Connect, den sicheren, datenschutzkonformen Kommunikationsdienst der KVen und der KBV, auditiert. <\/span><\/p>\n<p class=\"Normal-P\"><span class=\"Normal-C0\">\u00a0<\/span><span class=\"Normal-C0\">Mit der Richtlinie f\u00fcr organisierte Krebsfr\u00fcherkennungsprogramme (\u201eoKFE-<wbr \/>RL\u201c), die der Gemeinsame Bundesausschuss im Jahre 2019 verabschiedet hat, soll ein Verfahren zur \u00dcberwachung und Verbesserung des Programms zur Fr\u00fcherkennung von Darmkrebs f\u00fcr M\u00e4nner und Frauen ab 50 Jahren sowie von Geb\u00e4rmutterhalskrebs etabliert werden. Die technische Spezifikation eines geeigneten Verfahrens wurde vom IQTIG bereitgestellt. F\u00fcr die Datenerfassung und \u00dcbermittlung haben wir die Module <\/span><a title=\"QS-Darmkrebs\" href=\"http:\/\/www.qs-darm.de\"><span class=\"Normal-C1\">QS-<wbr \/>Darmkrebs<\/span><\/a><span class=\"Normal-C0\"> mit den Bereichen iFOB-<wbr \/>Test und Koloskopie, sowie das Verfahren <\/span><a title=\"QS-Zervix\" href=\"http:\/\/qs-zervix.de\"><span class=\"Normal-C1\">QS-<wbr \/>Zervix<\/span><\/a><span class=\"Normal-C0\"> mit den Bereichen Abkl\u00e4rungskoloskopie, HPV-<wbr \/>Test, Prim\u00e4rscreening und Zytologietest die qualit\u00e4tssichernde Erfassung erstellt.<\/span><\/p>\n<p class=\"Normal-P\"><span class=\"Normal-C3\">\u00a0<\/span><span class=\"Normal-C4\">Die L\u00f6sung \u201eQS-<wbr \/>Dialyse\u201c ist das neueste Modul f\u00fcr das medizinische Qualit\u00e4tsmanagement im niedergelassenen Bereich. Die bisher vorhandene Qualit\u00e4tssicherung der Behandlung von Patientinnen und Patienten mit chronischem Nierenversagen wurde ab dem 1. Januar 2020 durch eine neues Verfahren abgel\u00f6st. Das QS-<wbr \/>Verfahren \u201eNierenersatztherapie bei chronischem Nierenversagen einschlie\u00dflich Pankreastransplantation (QS NET)\u201c ist im Sinne eines sektoren\u00fcbergreifenden QS-<wbr \/>Verfahrens weiterentwickelt und um Indikatoren zur Qualit\u00e4t der Dialyse sowie um zus\u00e4tzliche Datengrundlagen erg\u00e4nzt worden. Das Verfahren QS NET wird durch die &#8222;Richtlinie zur datengest\u00fctzten einrichtungs\u00fcbergreifenden Qualit\u00e4tssicherung&#8220; (DeQS-<wbr \/>RL) geregelt. Mit unserem Modul <\/span><a title=\"QS-NET (DIALYSE)\" href=\"https:\/\/qs-dialyse.de\"><span class=\"Normal-C5\">QS-<wbr \/>Dialyse<\/span><\/a><span class=\"Normal-C4\"> stellen wir eine spezifikationskonforme Erfassungsl\u00f6sung bereit.<\/span><\/p>\n","protected":false},"excerpt":{"rendered":"<p>PC Connection unterst\u00fctzt seit mehr als 30 Jahren Betriebe in Handel, Handwerk, Industrie, Dienstleister, Rechtsanw\u00e4lte und \u00c4rzte Seit ca. 12 Jahren sind wir auch im Gesundheitssektor t\u00e4tig und unterst\u00fctzen ambulante Arztpraxen bei der Dokumentation der Qualit\u00e4tssicherung. Mit der L\u00f6sung QS-Kardio-Befund haben wir kardiologische Praxen bei der Erfassung von qualit\u00e4tsrelevanten Daten zur Erstellung von Befundb\u00f6gen und der f\u00fcr das Qualit\u00e4tsmanagement ben\u00f6tigten [&hellip;]<\/p>\n","protected":false},"author":1,"featured_media":0,"parent":0,"menu_order":0,"comment_status":"closed","ping_status":"closed","template":"","meta":{"footnotes":""},"class_list":["post-11","page","type-page","status-publish","hentry"],"yoast_head":"<!-- This site is optimized with the Yoast SEO plugin v27.0 - https:\/\/yoast.com\/product\/yoast-seo-wordpress\/ -->\n<title>wer wir sind -<\/title>\n<meta name=\"robots\" content=\"index, follow, max-snippet:-1, max-image-preview:large, max-video-preview:-1\" \/>\n<link rel=\"canonical\" href=\"https:\/\/schneider-it.systems\/index.php\/wer-wir-sind\/\" \/>\n<meta property=\"og:locale\" content=\"de_DE\" \/>\n<meta property=\"og:type\" content=\"article\" \/>\n<meta property=\"og:title\" content=\"wer wir sind -\" \/>\n<meta property=\"og:description\" content=\"PC Connection unterst\u00fctzt seit mehr als 30 Jahren Betriebe in Handel, Handwerk, Industrie, Dienstleister, Rechtsanw\u00e4lte und \u00c4rzte Seit ca. 12 Jahren sind wir auch im Gesundheitssektor t\u00e4tig und unterst\u00fctzen ambulante Arztpraxen bei der Dokumentation der Qualit\u00e4tssicherung. Mit der L\u00f6sung QS-Kardio-Befund haben wir kardiologische Praxen bei der Erfassung von qualit\u00e4tsrelevanten Daten zur Erstellung von Befundb\u00f6gen und der f\u00fcr das Qualit\u00e4tsmanagement ben\u00f6tigten [&hellip;]\" \/>\n<meta property=\"og:url\" content=\"https:\/\/schneider-it.systems\/index.php\/wer-wir-sind\/\" \/>\n<meta property=\"og:image\" content=\"https:\/\/schneider-it.systems\/wp-content\/uploads\/2020\/10\/alberta-2297204_1920-300x202.jpg\" \/>\n<meta name=\"twitter:card\" content=\"summary_large_image\" \/>\n<meta name=\"twitter:label1\" content=\"Gesch\u00e4tzte Lesezeit\" \/>\n\t<meta name=\"twitter:data1\" content=\"2\u00a0Minuten\" \/>\n<script type=\"application\/ld+json\" class=\"yoast-schema-graph\">{\"@context\":\"https:\/\/schema.org\",\"@graph\":[{\"@type\":\"WebPage\",\"@id\":\"https:\/\/schneider-it.systems\/index.php\/wer-wir-sind\/\",\"url\":\"https:\/\/schneider-it.systems\/index.php\/wer-wir-sind\/\",\"name\":\"wer wir sind -\",\"isPartOf\":{\"@id\":\"https:\/\/schneider-it.systems\/#website\"},\"primaryImageOfPage\":{\"@id\":\"https:\/\/schneider-it.systems\/index.php\/wer-wir-sind\/#primaryimage\"},\"image\":{\"@id\":\"https:\/\/schneider-it.systems\/index.php\/wer-wir-sind\/#primaryimage\"},\"thumbnailUrl\":\"https:\/\/schneider-it.systems\/wp-content\/uploads\/2020\/10\/alberta-2297204_1920-300x202.jpg\",\"datePublished\":\"2020-10-07T08:08:01+00:00\",\"breadcrumb\":{\"@id\":\"https:\/\/schneider-it.systems\/index.php\/wer-wir-sind\/#breadcrumb\"},\"inLanguage\":\"de\",\"potentialAction\":[{\"@type\":\"ReadAction\",\"target\":[\"https:\/\/schneider-it.systems\/index.php\/wer-wir-sind\/\"]}]},{\"@type\":\"ImageObject\",\"inLanguage\":\"de\",\"@id\":\"https:\/\/schneider-it.systems\/index.php\/wer-wir-sind\/#primaryimage\",\"url\":\"https:\/\/schneider-it.systems\/wp-content\/uploads\/2020\/10\/alberta-2297204_1920.jpg\",\"contentUrl\":\"https:\/\/schneider-it.systems\/wp-content\/uploads\/2020\/10\/alberta-2297204_1920.jpg\",\"width\":1920,\"height\":1293},{\"@type\":\"BreadcrumbList\",\"@id\":\"https:\/\/schneider-it.systems\/index.php\/wer-wir-sind\/#breadcrumb\",\"itemListElement\":[{\"@type\":\"ListItem\",\"position\":1,\"name\":\"Home\",\"item\":\"https:\/\/schneider-it.systems\/\"},{\"@type\":\"ListItem\",\"position\":2,\"name\":\"wer wir sind\"}]},{\"@type\":\"WebSite\",\"@id\":\"https:\/\/schneider-it.systems\/#website\",\"url\":\"https:\/\/schneider-it.systems\/\",\"name\":\"\",\"description\":\"smarte software * schnelle L\u00f6sung\",\"potentialAction\":[{\"@type\":\"SearchAction\",\"target\":{\"@type\":\"EntryPoint\",\"urlTemplate\":\"https:\/\/schneider-it.systems\/?s={search_term_string}\"},\"query-input\":{\"@type\":\"PropertyValueSpecification\",\"valueRequired\":true,\"valueName\":\"search_term_string\"}}],\"inLanguage\":\"de\"}]}<\/script>\n<!-- \/ Yoast SEO plugin. -->","yoast_head_json":{"title":"wer wir sind -","robots":{"index":"index","follow":"follow","max-snippet":"max-snippet:-1","max-image-preview":"max-image-preview:large","max-video-preview":"max-video-preview:-1"},"canonical":"https:\/\/schneider-it.systems\/index.php\/wer-wir-sind\/","og_locale":"de_DE","og_type":"article","og_title":"wer wir sind -","og_description":"PC Connection unterst\u00fctzt seit mehr als 30 Jahren Betriebe in Handel, Handwerk, Industrie, Dienstleister, Rechtsanw\u00e4lte und \u00c4rzte Seit ca. 12 Jahren sind wir auch im Gesundheitssektor t\u00e4tig und unterst\u00fctzen ambulante Arztpraxen bei der Dokumentation der Qualit\u00e4tssicherung. Mit der L\u00f6sung QS-Kardio-Befund haben wir kardiologische Praxen bei der Erfassung von qualit\u00e4tsrelevanten Daten zur Erstellung von Befundb\u00f6gen und der f\u00fcr das Qualit\u00e4tsmanagement ben\u00f6tigten [&hellip;]","og_url":"https:\/\/schneider-it.systems\/index.php\/wer-wir-sind\/","og_image":[{"url":"https:\/\/schneider-it.systems\/wp-content\/uploads\/2020\/10\/alberta-2297204_1920-300x202.jpg","type":"","width":"","height":""}],"twitter_card":"summary_large_image","twitter_misc":{"Gesch\u00e4tzte Lesezeit":"2\u00a0Minuten"},"schema":{"@context":"https:\/\/schema.org","@graph":[{"@type":"WebPage","@id":"https:\/\/schneider-it.systems\/index.php\/wer-wir-sind\/","url":"https:\/\/schneider-it.systems\/index.php\/wer-wir-sind\/","name":"wer wir sind -","isPartOf":{"@id":"https:\/\/schneider-it.systems\/#website"},"primaryImageOfPage":{"@id":"https:\/\/schneider-it.systems\/index.php\/wer-wir-sind\/#primaryimage"},"image":{"@id":"https:\/\/schneider-it.systems\/index.php\/wer-wir-sind\/#primaryimage"},"thumbnailUrl":"https:\/\/schneider-it.systems\/wp-content\/uploads\/2020\/10\/alberta-2297204_1920-300x202.jpg","datePublished":"2020-10-07T08:08:01+00:00","breadcrumb":{"@id":"https:\/\/schneider-it.systems\/index.php\/wer-wir-sind\/#breadcrumb"},"inLanguage":"de","potentialAction":[{"@type":"ReadAction","target":["https:\/\/schneider-it.systems\/index.php\/wer-wir-sind\/"]}]},{"@type":"ImageObject","inLanguage":"de","@id":"https:\/\/schneider-it.systems\/index.php\/wer-wir-sind\/#primaryimage","url":"https:\/\/schneider-it.systems\/wp-content\/uploads\/2020\/10\/alberta-2297204_1920.jpg","contentUrl":"https:\/\/schneider-it.systems\/wp-content\/uploads\/2020\/10\/alberta-2297204_1920.jpg","width":1920,"height":1293},{"@type":"BreadcrumbList","@id":"https:\/\/schneider-it.systems\/index.php\/wer-wir-sind\/#breadcrumb","itemListElement":[{"@type":"ListItem","position":1,"name":"Home","item":"https:\/\/schneider-it.systems\/"},{"@type":"ListItem","position":2,"name":"wer wir sind"}]},{"@type":"WebSite","@id":"https:\/\/schneider-it.systems\/#website","url":"https:\/\/schneider-it.systems\/","name":"","description":"smarte software * schnelle L\u00f6sung","potentialAction":[{"@type":"SearchAction","target":{"@type":"EntryPoint","urlTemplate":"https:\/\/schneider-it.systems\/?s={search_term_string}"},"query-input":{"@type":"PropertyValueSpecification","valueRequired":true,"valueName":"search_term_string"}}],"inLanguage":"de"}]}},"_links":{"self":[{"href":"https:\/\/schneider-it.systems\/index.php\/wp-json\/wp\/v2\/pages\/11","targetHints":{"allow":["GET"]}}],"collection":[{"href":"https:\/\/schneider-it.systems\/index.php\/wp-json\/wp\/v2\/pages"}],"about":[{"href":"https:\/\/schneider-it.systems\/index.php\/wp-json\/wp\/v2\/types\/page"}],"author":[{"embeddable":true,"href":"https:\/\/schneider-it.systems\/index.php\/wp-json\/wp\/v2\/users\/1"}],"replies":[{"embeddable":true,"href":"https:\/\/schneider-it.systems\/index.php\/wp-json\/wp\/v2\/comments?post=11"}],"version-history":[{"count":0,"href":"https:\/\/schneider-it.systems\/index.php\/wp-json\/wp\/v2\/pages\/11\/revisions"}],"wp:attachment":[{"href":"https:\/\/schneider-it.systems\/index.php\/wp-json\/wp\/v2\/media?parent=11"}],"curies":[{"name":"wp","href":"https:\/\/api.w.org\/{rel}","templated":true}]}}