{"id":156,"date":"2020-10-07T08:08:01","date_gmt":"2020-10-07T08:08:01","guid":{"rendered":"https:\/\/sqs-pci.de\/WP\/?page_id=10"},"modified":"2020-10-07T08:08:01","modified_gmt":"2020-10-07T08:08:01","slug":"it-betreuung","status":"publish","type":"page","link":"https:\/\/schneider-it.systems\/index.php\/it-betreuung\/","title":{"rendered":"it-betreuung"},"content":{"rendered":"<p><span class=\"Heading-C\">Wir haben es zu unserer Aufgabe gemacht :<\/span> <span class=\"Heading-C\"><img loading=\"lazy\" decoding=\"async\" class=\" wp-image-56 alignright\" src=\"https:\/\/schneider-it.systems\/wp-content\/uploads\/2020\/10\/matrix-1799652_1920-300x134.jpg\" alt=\"\" width=\"507\" height=\"226\" srcset=\"https:\/\/schneider-it.systems\/wp-content\/uploads\/2020\/10\/matrix-1799652_1920-300x134.jpg 300w, https:\/\/schneider-it.systems\/wp-content\/uploads\/2020\/10\/matrix-1799652_1920-1024x456.jpg 1024w, https:\/\/schneider-it.systems\/wp-content\/uploads\/2020\/10\/matrix-1799652_1920-768x342.jpg 768w, https:\/\/schneider-it.systems\/wp-content\/uploads\/2020\/10\/matrix-1799652_1920-1536x684.jpg 1536w, https:\/\/schneider-it.systems\/wp-content\/uploads\/2020\/10\/matrix-1799652_1920.jpg 1920w\" sizes=\"auto, (max-width: 507px) 100vw, 507px\" \/><\/span><br \/>\n<span class=\"Heading-C\">Wenn bei Ihrem System die <\/span><span class=\"Heading-C\">Hardware fehlerhaft arbeitet oder Ihre <\/span><span class=\"Heading-C\">Software nicht mehr das tut wof\u00fcr Sie sie gekauft haben, stehen wir Ihnen zur Seite und l\u00f6sen das Problem.<br \/>\n<\/span> <span class=\"Heading-C\"><br \/>\n<\/span> <span class=\"Heading-C\">Beachten Sie unsere reaktionsschnelle Probleml\u00f6<\/span><span class=\"Heading-C\"><img loading=\"lazy\" decoding=\"async\" class=\"size-full wp-image-55 alignleft\" src=\"https:\/\/schneider-it.systems\/wp-content\/uploads\/2020\/10\/IT-Grundschutz.gif\" alt=\"\" width=\"142\" height=\"142\" \/><\/span><span class=\"Heading-C\">sung durch <\/span><span class=\"Heading-C\">unsere &#8222;Custom Care&#8220;-<wbr \/>Pakete f\u00fcr den Raum Berlin.<\/span><span class=\"Heading-C\"><br \/>\n<\/span> <span class=\"Heading-C\">&#8211;<wbr \/> oder den telefonischen Help Desk, ggf. mit Fern<\/span><span class=\"Heading-C\">wartung. <img loading=\"lazy\" decoding=\"async\" class=\"size-full wp-image-54 alignright\" src=\"https:\/\/schneider-it.systems\/wp-content\/uploads\/2020\/10\/InetSicher.gif\" alt=\"\" width=\"134\" height=\"134\" \/><br \/>\n<\/span><\/p>\n<p>&nbsp;<\/p>\n","protected":false},"excerpt":{"rendered":"<p>Wir haben es zu unserer Aufgabe gemacht : Wenn bei Ihrem System die Hardware fehlerhaft arbeitet oder Ihre Software nicht mehr das tut wof\u00fcr Sie sie gekauft haben, stehen wir Ihnen zur Seite und l\u00f6sen das Problem. Beachten Sie unsere reaktionsschnelle Probleml\u00f6sung durch unsere &#8222;Custom Care&#8220;-Pakete f\u00fcr den Raum Berlin. &#8211; oder den telefonischen Help Desk, ggf. mit Fernwartung. &nbsp;<\/p>\n","protected":false},"author":1,"featured_media":0,"parent":0,"menu_order":0,"comment_status":"closed","ping_status":"closed","template":"","meta":{"footnotes":""},"class_list":["post-156","page","type-page","status-publish","hentry"],"yoast_head":"<!-- This site is optimized with the Yoast SEO plugin v27.0 - https:\/\/yoast.com\/product\/yoast-seo-wordpress\/ -->\n<title>it-betreuung -<\/title>\n<meta name=\"robots\" content=\"index, follow, max-snippet:-1, max-image-preview:large, max-video-preview:-1\" \/>\n<link rel=\"canonical\" href=\"https:\/\/schneider-it.systems\/index.php\/it-betreuung\/\" \/>\n<meta property=\"og:locale\" content=\"de_DE\" \/>\n<meta property=\"og:type\" content=\"article\" \/>\n<meta property=\"og:title\" content=\"it-betreuung -\" \/>\n<meta property=\"og:description\" content=\"Wir haben es zu unserer Aufgabe gemacht : Wenn bei Ihrem System die Hardware fehlerhaft arbeitet oder Ihre Software nicht mehr das tut wof\u00fcr Sie sie gekauft haben, stehen wir Ihnen zur Seite und l\u00f6sen das Problem. Beachten Sie unsere reaktionsschnelle Probleml\u00f6sung durch unsere &#8222;Custom Care&#8220;-Pakete f\u00fcr den Raum Berlin. &#8211; oder den telefonischen Help Desk, ggf. mit Fernwartung. &nbsp;\" \/>\n<meta property=\"og:url\" content=\"https:\/\/schneider-it.systems\/index.php\/it-betreuung\/\" \/>\n<meta property=\"og:image\" content=\"https:\/\/schneider-it.systems\/wp-content\/uploads\/2020\/10\/matrix-1799652_1920-300x134.jpg\" \/>\n<meta name=\"twitter:card\" content=\"summary_large_image\" \/>\n<script type=\"application\/ld+json\" class=\"yoast-schema-graph\">{\"@context\":\"https:\/\/schema.org\",\"@graph\":[{\"@type\":\"WebPage\",\"@id\":\"https:\/\/schneider-it.systems\/index.php\/it-betreuung\/\",\"url\":\"https:\/\/schneider-it.systems\/index.php\/it-betreuung\/\",\"name\":\"it-betreuung -\",\"isPartOf\":{\"@id\":\"https:\/\/schneider-it.systems\/#website\"},\"primaryImageOfPage\":{\"@id\":\"https:\/\/schneider-it.systems\/index.php\/it-betreuung\/#primaryimage\"},\"image\":{\"@id\":\"https:\/\/schneider-it.systems\/index.php\/it-betreuung\/#primaryimage\"},\"thumbnailUrl\":\"https:\/\/schneider-it.systems\/wp-content\/uploads\/2020\/10\/matrix-1799652_1920-300x134.jpg\",\"datePublished\":\"2020-10-07T08:08:01+00:00\",\"breadcrumb\":{\"@id\":\"https:\/\/schneider-it.systems\/index.php\/it-betreuung\/#breadcrumb\"},\"inLanguage\":\"de\",\"potentialAction\":[{\"@type\":\"ReadAction\",\"target\":[\"https:\/\/schneider-it.systems\/index.php\/it-betreuung\/\"]}]},{\"@type\":\"ImageObject\",\"inLanguage\":\"de\",\"@id\":\"https:\/\/schneider-it.systems\/index.php\/it-betreuung\/#primaryimage\",\"url\":\"https:\/\/schneider-it.systems\/wp-content\/uploads\/2020\/10\/matrix-1799652_1920.jpg\",\"contentUrl\":\"https:\/\/schneider-it.systems\/wp-content\/uploads\/2020\/10\/matrix-1799652_1920.jpg\",\"width\":1920,\"height\":855},{\"@type\":\"BreadcrumbList\",\"@id\":\"https:\/\/schneider-it.systems\/index.php\/it-betreuung\/#breadcrumb\",\"itemListElement\":[{\"@type\":\"ListItem\",\"position\":1,\"name\":\"Home\",\"item\":\"https:\/\/schneider-it.systems\/\"},{\"@type\":\"ListItem\",\"position\":2,\"name\":\"it-betreuung\"}]},{\"@type\":\"WebSite\",\"@id\":\"https:\/\/schneider-it.systems\/#website\",\"url\":\"https:\/\/schneider-it.systems\/\",\"name\":\"\",\"description\":\"smarte software * schnelle L\u00f6sung\",\"potentialAction\":[{\"@type\":\"SearchAction\",\"target\":{\"@type\":\"EntryPoint\",\"urlTemplate\":\"https:\/\/schneider-it.systems\/?s={search_term_string}\"},\"query-input\":{\"@type\":\"PropertyValueSpecification\",\"valueRequired\":true,\"valueName\":\"search_term_string\"}}],\"inLanguage\":\"de\"}]}<\/script>\n<!-- \/ Yoast SEO plugin. -->","yoast_head_json":{"title":"it-betreuung -","robots":{"index":"index","follow":"follow","max-snippet":"max-snippet:-1","max-image-preview":"max-image-preview:large","max-video-preview":"max-video-preview:-1"},"canonical":"https:\/\/schneider-it.systems\/index.php\/it-betreuung\/","og_locale":"de_DE","og_type":"article","og_title":"it-betreuung -","og_description":"Wir haben es zu unserer Aufgabe gemacht : Wenn bei Ihrem System die Hardware fehlerhaft arbeitet oder Ihre Software nicht mehr das tut wof\u00fcr Sie sie gekauft haben, stehen wir Ihnen zur Seite und l\u00f6sen das Problem. Beachten Sie unsere reaktionsschnelle Probleml\u00f6sung durch unsere &#8222;Custom Care&#8220;-Pakete f\u00fcr den Raum Berlin. &#8211; oder den telefonischen Help Desk, ggf. mit Fernwartung. &nbsp;","og_url":"https:\/\/schneider-it.systems\/index.php\/it-betreuung\/","og_image":[{"url":"https:\/\/schneider-it.systems\/wp-content\/uploads\/2020\/10\/matrix-1799652_1920-300x134.jpg","type":"","width":"","height":""}],"twitter_card":"summary_large_image","schema":{"@context":"https:\/\/schema.org","@graph":[{"@type":"WebPage","@id":"https:\/\/schneider-it.systems\/index.php\/it-betreuung\/","url":"https:\/\/schneider-it.systems\/index.php\/it-betreuung\/","name":"it-betreuung -","isPartOf":{"@id":"https:\/\/schneider-it.systems\/#website"},"primaryImageOfPage":{"@id":"https:\/\/schneider-it.systems\/index.php\/it-betreuung\/#primaryimage"},"image":{"@id":"https:\/\/schneider-it.systems\/index.php\/it-betreuung\/#primaryimage"},"thumbnailUrl":"https:\/\/schneider-it.systems\/wp-content\/uploads\/2020\/10\/matrix-1799652_1920-300x134.jpg","datePublished":"2020-10-07T08:08:01+00:00","breadcrumb":{"@id":"https:\/\/schneider-it.systems\/index.php\/it-betreuung\/#breadcrumb"},"inLanguage":"de","potentialAction":[{"@type":"ReadAction","target":["https:\/\/schneider-it.systems\/index.php\/it-betreuung\/"]}]},{"@type":"ImageObject","inLanguage":"de","@id":"https:\/\/schneider-it.systems\/index.php\/it-betreuung\/#primaryimage","url":"https:\/\/schneider-it.systems\/wp-content\/uploads\/2020\/10\/matrix-1799652_1920.jpg","contentUrl":"https:\/\/schneider-it.systems\/wp-content\/uploads\/2020\/10\/matrix-1799652_1920.jpg","width":1920,"height":855},{"@type":"BreadcrumbList","@id":"https:\/\/schneider-it.systems\/index.php\/it-betreuung\/#breadcrumb","itemListElement":[{"@type":"ListItem","position":1,"name":"Home","item":"https:\/\/schneider-it.systems\/"},{"@type":"ListItem","position":2,"name":"it-betreuung"}]},{"@type":"WebSite","@id":"https:\/\/schneider-it.systems\/#website","url":"https:\/\/schneider-it.systems\/","name":"","description":"smarte software * schnelle L\u00f6sung","potentialAction":[{"@type":"SearchAction","target":{"@type":"EntryPoint","urlTemplate":"https:\/\/schneider-it.systems\/?s={search_term_string}"},"query-input":{"@type":"PropertyValueSpecification","valueRequired":true,"valueName":"search_term_string"}}],"inLanguage":"de"}]}},"_links":{"self":[{"href":"https:\/\/schneider-it.systems\/index.php\/wp-json\/wp\/v2\/pages\/156","targetHints":{"allow":["GET"]}}],"collection":[{"href":"https:\/\/schneider-it.systems\/index.php\/wp-json\/wp\/v2\/pages"}],"about":[{"href":"https:\/\/schneider-it.systems\/index.php\/wp-json\/wp\/v2\/types\/page"}],"author":[{"embeddable":true,"href":"https:\/\/schneider-it.systems\/index.php\/wp-json\/wp\/v2\/users\/1"}],"replies":[{"embeddable":true,"href":"https:\/\/schneider-it.systems\/index.php\/wp-json\/wp\/v2\/comments?post=156"}],"version-history":[{"count":0,"href":"https:\/\/schneider-it.systems\/index.php\/wp-json\/wp\/v2\/pages\/156\/revisions"}],"wp:attachment":[{"href":"https:\/\/schneider-it.systems\/index.php\/wp-json\/wp\/v2\/media?parent=156"}],"curies":[{"name":"wp","href":"https:\/\/api.w.org\/{rel}","templated":true}]}}