{"id":247,"date":"2024-11-25T17:47:46","date_gmt":"2024-11-25T17:47:46","guid":{"rendered":"https:\/\/schneider-it.systems\/?page_id=247"},"modified":"2025-01-23T12:22:05","modified_gmt":"2025-01-23T12:22:05","slug":"xrechnungen-und-zugferd","status":"publish","type":"page","link":"https:\/\/schneider-it.systems\/index.php\/xrechnungen-und-zugferd\/","title":{"rendered":"XRechnungen und ZUGFeRD"},"content":{"rendered":"\n<p>Die L\u00f6sung f\u00fcr E-Rechnungen: Einfach. Effizient. Sicher.<\/p>\n\n\n\n<p>Zum 1. Januar 2025 m\u00fcssen alle Unternehmen, Kleinunternehmer und Selbstst\u00e4ndigen in der Lage sein, E-Rechnungen von ihren Lieferanten und Gro\u00dfh\u00e4ndlern zu empfangen. In einem ersten Schritt sollen die Unternehmen erst einmal E-Rechnungen von anderen Unternehmen empfangen k\u00f6nnen. Nach einer \u00dcbergangsfrist ab 2027 beziehungsweise 2028 m\u00fcssen sie E-Rechnungen auch verschicken k\u00f6nnen.<\/p>\n\n\n\n<p>Viele Lieferanten und Gro\u00dfh\u00e4ndler werden bereits ab 2025 konsequent E-Rechnungen versenden, selbst wenn sie erst ab 2027 oder 2028 dazu verpflichtet sind.<\/p>\n\n\n\n<p>E-Rechnungen sind strukturierte XML-Dateien, die praktisch f\u00fcr die Mitarbeiter nicht lesbar sind.<br>Die Betriebe sollten ab dem Jahreswechsel auch in der Lage sein, E-Rechnungen mit einer Visualisierungssoftware lesbar zu machen, denn sie k\u00f6nnen sich nicht aussuchen, ob ihr Lieferant eine XRechnung oder eine ZUGFeRD-Rechnung verschickt. <br>Au\u00dferdem m\u00fcssen sich die Betriebe mit der Frage besch\u00e4ftigen, wie sie E-Rechnungen zehn Jahre lang GoBD-konform archivieren.<img loading=\"lazy\" decoding=\"async\" width=\"400\" height=\"205\" class=\"wp-image-248\" style=\"width: 400px;\" src=\"https:\/\/schneider-it.systems\/wp-content\/uploads\/2024\/11\/Details.jpg\" alt=\"\" srcset=\"https:\/\/schneider-it.systems\/wp-content\/uploads\/2024\/11\/Details.jpg 965w, https:\/\/schneider-it.systems\/wp-content\/uploads\/2024\/11\/Details-300x154.jpg 300w, https:\/\/schneider-it.systems\/wp-content\/uploads\/2024\/11\/Details-768x394.jpg 768w, https:\/\/schneider-it.systems\/wp-content\/uploads\/2024\/11\/Details-290x150.jpg 290w\" sizes=\"auto, (max-width: 400px) 100vw, 400px\" \/>  <img loading=\"lazy\" decoding=\"async\" width=\"600\" height=\"129\" class=\"wp-image-250\" style=\"width: 600px;\" src=\"https:\/\/schneider-it.systems\/wp-content\/uploads\/2024\/11\/Main.jpg\" alt=\"\" srcset=\"https:\/\/schneider-it.systems\/wp-content\/uploads\/2024\/11\/Main.jpg 1470w, https:\/\/schneider-it.systems\/wp-content\/uploads\/2024\/11\/Main-300x65.jpg 300w, https:\/\/schneider-it.systems\/wp-content\/uploads\/2024\/11\/Main-1024x221.jpg 1024w, https:\/\/schneider-it.systems\/wp-content\/uploads\/2024\/11\/Main-768x166.jpg 768w\" sizes=\"auto, (max-width: 600px) 100vw, 600px\" \/><\/p>\n\n\n\n<p>Unterst\u00fctzung der neuen Rechnungsformate<\/p>\n\n\n\n<p>\u2022 Nahtlose Verarbeitung von X-Rechnungen und ZUGFeRD Rechnungen<br>\u2022 Intuitive Darstellung und Visualisierung komplexer Rechnungsdaten<\/p>\n\n\n\n<p>\u2022 Automatische Validierung zur Fehlervermeidung und Qualit\u00e4tssicherung<\/p>\n\n\n\n<p>Revisionssichere Archivierung<br>\u2022 Gesetzeskonforme, langfristige Speicherung Ihrer E-Rechnungen<br>\u2022 Schutz vor nachtr\u00e4glichen \u00c4nderungen f\u00fcr maximale Sicherheit<\/p>\n\n\n\n<p>\u2022 Einfache Wiederauffindbarkeit dank intelligenter Suchfunktionen<\/p>\n\n\n\n<p>Keine Web-Software, alles l\u00e4uft in Ihrem Haus auf Ihren Ger\u00e4ten<\/p>\n\n\n\n<p><\/p>\n\n\n\n<p>Softwarepaket E-Rechnungen ab 249,-\u20ac zzgl.MWSt.<\/p>\n\n\n\n<h2 class=\"wp-block-heading\">XRechnungen \/ ZUGFeRD Rechnungen aus jedem Programm<\/h2>\n\n\n\n<ul class=\"wp-block-list\">\n<li>durch Nutzung von Standard-Windows-Druckertreiber !!<\/li>\n\n\n\n<li>Damit k\u00f6nnen wir aus <strong>allen bestehenden Rechnungsprogrammen<\/strong> die XML-Dokumente gem\u00e4\u00df EU Norm EN16931 erzeugen<\/li>\n\n\n\n<li>Ihre Rechnungsbearbeitung kann bleiben wie sie ist &#8230;.<\/li>\n\n\n\n<li>Eine zus\u00e4tzliche Speziall\u00f6sung kann direkt aus Excel-Rechnungsdateien (xlsx) die XRechnung schreiben<\/li>\n\n\n\n<li>und der Preis stimmt: kein Abo, nur einmalige Kosten ab 480,- zzgl. MWSt.<\/li>\n\n\n\n<li>Gerne geben wir Ihnen unverbindlich &nbsp;Auskunft zu dieser L\u00f6sung.<\/li>\n<\/ul>\n\n\n\n<figure class=\"wp-block-image size-large\"><img loading=\"lazy\" decoding=\"async\" width=\"1024\" height=\"452\" src=\"https:\/\/schneider-it.systems\/wp-content\/uploads\/2025\/01\/XPS-Rechnung-1024x452.jpg\" alt=\"\" class=\"wp-image-256\" srcset=\"https:\/\/schneider-it.systems\/wp-content\/uploads\/2025\/01\/XPS-Rechnung-1024x452.jpg 1024w, https:\/\/schneider-it.systems\/wp-content\/uploads\/2025\/01\/XPS-Rechnung-300x132.jpg 300w, https:\/\/schneider-it.systems\/wp-content\/uploads\/2025\/01\/XPS-Rechnung-768x339.jpg 768w, https:\/\/schneider-it.systems\/wp-content\/uploads\/2025\/01\/XPS-Rechnung.jpg 1376w\" sizes=\"auto, (max-width: 1024px) 100vw, 1024px\" \/><\/figure>\n\n\n\n<p><\/p>\n","protected":false},"excerpt":{"rendered":"<p>Die L\u00f6sung f\u00fcr E-Rechnungen: Einfach. Effizient. Sicher. Zum 1. Januar 2025 m\u00fcssen alle Unternehmen, Kleinunternehmer und Selbstst\u00e4ndigen in der Lage sein, E-Rechnungen von ihren Lieferanten und Gro\u00dfh\u00e4ndlern zu empfangen. In einem ersten Schritt sollen die Unternehmen erst einmal E-Rechnungen von anderen Unternehmen empfangen k\u00f6nnen. Nach einer \u00dcbergangsfrist ab 2027 beziehungsweise 2028 m\u00fcssen sie E-Rechnungen auch verschicken k\u00f6nnen. Viele Lieferanten und [&hellip;]<\/p>\n","protected":false},"author":1,"featured_media":0,"parent":0,"menu_order":0,"comment_status":"closed","ping_status":"closed","template":"","meta":{"footnotes":""},"class_list":["post-247","page","type-page","status-publish","hentry"],"yoast_head":"<!-- This site is optimized with the Yoast SEO plugin v27.0 - https:\/\/yoast.com\/product\/yoast-seo-wordpress\/ -->\n<title>XRechnungen und ZUGFeRD -<\/title>\n<meta name=\"robots\" content=\"index, follow, max-snippet:-1, max-image-preview:large, max-video-preview:-1\" \/>\n<link rel=\"canonical\" href=\"https:\/\/schneider-it.systems\/index.php\/xrechnungen-und-zugferd\/\" \/>\n<meta property=\"og:locale\" content=\"de_DE\" \/>\n<meta property=\"og:type\" content=\"article\" \/>\n<meta property=\"og:title\" content=\"XRechnungen und ZUGFeRD -\" \/>\n<meta property=\"og:description\" content=\"Die L\u00f6sung f\u00fcr E-Rechnungen: Einfach. Effizient. Sicher. Zum 1. Januar 2025 m\u00fcssen alle Unternehmen, Kleinunternehmer und Selbstst\u00e4ndigen in der Lage sein, E-Rechnungen von ihren Lieferanten und Gro\u00dfh\u00e4ndlern zu empfangen. In einem ersten Schritt sollen die Unternehmen erst einmal E-Rechnungen von anderen Unternehmen empfangen k\u00f6nnen. Nach einer \u00dcbergangsfrist ab 2027 beziehungsweise 2028 m\u00fcssen sie E-Rechnungen auch verschicken k\u00f6nnen. Viele Lieferanten und [&hellip;]\" \/>\n<meta property=\"og:url\" content=\"https:\/\/schneider-it.systems\/index.php\/xrechnungen-und-zugferd\/\" \/>\n<meta property=\"article:modified_time\" content=\"2025-01-23T12:22:05+00:00\" \/>\n<meta property=\"og:image\" content=\"https:\/\/schneider-it.systems\/wp-content\/uploads\/2024\/11\/Details.jpg\" \/>\n<meta name=\"twitter:card\" content=\"summary_large_image\" \/>\n<meta name=\"twitter:label1\" content=\"Gesch\u00e4tzte Lesezeit\" \/>\n\t<meta name=\"twitter:data1\" content=\"3\u00a0Minuten\" \/>\n<script type=\"application\/ld+json\" class=\"yoast-schema-graph\">{\"@context\":\"https:\/\/schema.org\",\"@graph\":[{\"@type\":\"WebPage\",\"@id\":\"https:\/\/schneider-it.systems\/index.php\/xrechnungen-und-zugferd\/\",\"url\":\"https:\/\/schneider-it.systems\/index.php\/xrechnungen-und-zugferd\/\",\"name\":\"XRechnungen und ZUGFeRD -\",\"isPartOf\":{\"@id\":\"https:\/\/schneider-it.systems\/#website\"},\"primaryImageOfPage\":{\"@id\":\"https:\/\/schneider-it.systems\/index.php\/xrechnungen-und-zugferd\/#primaryimage\"},\"image\":{\"@id\":\"https:\/\/schneider-it.systems\/index.php\/xrechnungen-und-zugferd\/#primaryimage\"},\"thumbnailUrl\":\"https:\/\/schneider-it.systems\/wp-content\/uploads\/2024\/11\/Details.jpg\",\"datePublished\":\"2024-11-25T17:47:46+00:00\",\"dateModified\":\"2025-01-23T12:22:05+00:00\",\"breadcrumb\":{\"@id\":\"https:\/\/schneider-it.systems\/index.php\/xrechnungen-und-zugferd\/#breadcrumb\"},\"inLanguage\":\"de\",\"potentialAction\":[{\"@type\":\"ReadAction\",\"target\":[\"https:\/\/schneider-it.systems\/index.php\/xrechnungen-und-zugferd\/\"]}]},{\"@type\":\"ImageObject\",\"inLanguage\":\"de\",\"@id\":\"https:\/\/schneider-it.systems\/index.php\/xrechnungen-und-zugferd\/#primaryimage\",\"url\":\"https:\/\/schneider-it.systems\/wp-content\/uploads\/2024\/11\/Details.jpg\",\"contentUrl\":\"https:\/\/schneider-it.systems\/wp-content\/uploads\/2024\/11\/Details.jpg\",\"width\":965,\"height\":495},{\"@type\":\"BreadcrumbList\",\"@id\":\"https:\/\/schneider-it.systems\/index.php\/xrechnungen-und-zugferd\/#breadcrumb\",\"itemListElement\":[{\"@type\":\"ListItem\",\"position\":1,\"name\":\"Home\",\"item\":\"https:\/\/schneider-it.systems\/\"},{\"@type\":\"ListItem\",\"position\":2,\"name\":\"XRechnungen und ZUGFeRD\"}]},{\"@type\":\"WebSite\",\"@id\":\"https:\/\/schneider-it.systems\/#website\",\"url\":\"https:\/\/schneider-it.systems\/\",\"name\":\"\",\"description\":\"smarte software * schnelle L\u00f6sung\",\"potentialAction\":[{\"@type\":\"SearchAction\",\"target\":{\"@type\":\"EntryPoint\",\"urlTemplate\":\"https:\/\/schneider-it.systems\/?s={search_term_string}\"},\"query-input\":{\"@type\":\"PropertyValueSpecification\",\"valueRequired\":true,\"valueName\":\"search_term_string\"}}],\"inLanguage\":\"de\"}]}<\/script>\n<!-- \/ Yoast SEO plugin. -->","yoast_head_json":{"title":"XRechnungen und ZUGFeRD -","robots":{"index":"index","follow":"follow","max-snippet":"max-snippet:-1","max-image-preview":"max-image-preview:large","max-video-preview":"max-video-preview:-1"},"canonical":"https:\/\/schneider-it.systems\/index.php\/xrechnungen-und-zugferd\/","og_locale":"de_DE","og_type":"article","og_title":"XRechnungen und ZUGFeRD -","og_description":"Die L\u00f6sung f\u00fcr E-Rechnungen: Einfach. Effizient. Sicher. Zum 1. Januar 2025 m\u00fcssen alle Unternehmen, Kleinunternehmer und Selbstst\u00e4ndigen in der Lage sein, E-Rechnungen von ihren Lieferanten und Gro\u00dfh\u00e4ndlern zu empfangen. In einem ersten Schritt sollen die Unternehmen erst einmal E-Rechnungen von anderen Unternehmen empfangen k\u00f6nnen. Nach einer \u00dcbergangsfrist ab 2027 beziehungsweise 2028 m\u00fcssen sie E-Rechnungen auch verschicken k\u00f6nnen. Viele Lieferanten und [&hellip;]","og_url":"https:\/\/schneider-it.systems\/index.php\/xrechnungen-und-zugferd\/","article_modified_time":"2025-01-23T12:22:05+00:00","og_image":[{"url":"https:\/\/schneider-it.systems\/wp-content\/uploads\/2024\/11\/Details.jpg","type":"","width":"","height":""}],"twitter_card":"summary_large_image","twitter_misc":{"Gesch\u00e4tzte Lesezeit":"3\u00a0Minuten"},"schema":{"@context":"https:\/\/schema.org","@graph":[{"@type":"WebPage","@id":"https:\/\/schneider-it.systems\/index.php\/xrechnungen-und-zugferd\/","url":"https:\/\/schneider-it.systems\/index.php\/xrechnungen-und-zugferd\/","name":"XRechnungen und ZUGFeRD -","isPartOf":{"@id":"https:\/\/schneider-it.systems\/#website"},"primaryImageOfPage":{"@id":"https:\/\/schneider-it.systems\/index.php\/xrechnungen-und-zugferd\/#primaryimage"},"image":{"@id":"https:\/\/schneider-it.systems\/index.php\/xrechnungen-und-zugferd\/#primaryimage"},"thumbnailUrl":"https:\/\/schneider-it.systems\/wp-content\/uploads\/2024\/11\/Details.jpg","datePublished":"2024-11-25T17:47:46+00:00","dateModified":"2025-01-23T12:22:05+00:00","breadcrumb":{"@id":"https:\/\/schneider-it.systems\/index.php\/xrechnungen-und-zugferd\/#breadcrumb"},"inLanguage":"de","potentialAction":[{"@type":"ReadAction","target":["https:\/\/schneider-it.systems\/index.php\/xrechnungen-und-zugferd\/"]}]},{"@type":"ImageObject","inLanguage":"de","@id":"https:\/\/schneider-it.systems\/index.php\/xrechnungen-und-zugferd\/#primaryimage","url":"https:\/\/schneider-it.systems\/wp-content\/uploads\/2024\/11\/Details.jpg","contentUrl":"https:\/\/schneider-it.systems\/wp-content\/uploads\/2024\/11\/Details.jpg","width":965,"height":495},{"@type":"BreadcrumbList","@id":"https:\/\/schneider-it.systems\/index.php\/xrechnungen-und-zugferd\/#breadcrumb","itemListElement":[{"@type":"ListItem","position":1,"name":"Home","item":"https:\/\/schneider-it.systems\/"},{"@type":"ListItem","position":2,"name":"XRechnungen und ZUGFeRD"}]},{"@type":"WebSite","@id":"https:\/\/schneider-it.systems\/#website","url":"https:\/\/schneider-it.systems\/","name":"","description":"smarte software * schnelle L\u00f6sung","potentialAction":[{"@type":"SearchAction","target":{"@type":"EntryPoint","urlTemplate":"https:\/\/schneider-it.systems\/?s={search_term_string}"},"query-input":{"@type":"PropertyValueSpecification","valueRequired":true,"valueName":"search_term_string"}}],"inLanguage":"de"}]}},"_links":{"self":[{"href":"https:\/\/schneider-it.systems\/index.php\/wp-json\/wp\/v2\/pages\/247","targetHints":{"allow":["GET"]}}],"collection":[{"href":"https:\/\/schneider-it.systems\/index.php\/wp-json\/wp\/v2\/pages"}],"about":[{"href":"https:\/\/schneider-it.systems\/index.php\/wp-json\/wp\/v2\/types\/page"}],"author":[{"embeddable":true,"href":"https:\/\/schneider-it.systems\/index.php\/wp-json\/wp\/v2\/users\/1"}],"replies":[{"embeddable":true,"href":"https:\/\/schneider-it.systems\/index.php\/wp-json\/wp\/v2\/comments?post=247"}],"version-history":[{"count":3,"href":"https:\/\/schneider-it.systems\/index.php\/wp-json\/wp\/v2\/pages\/247\/revisions"}],"predecessor-version":[{"id":257,"href":"https:\/\/schneider-it.systems\/index.php\/wp-json\/wp\/v2\/pages\/247\/revisions\/257"}],"wp:attachment":[{"href":"https:\/\/schneider-it.systems\/index.php\/wp-json\/wp\/v2\/media?parent=247"}],"curies":[{"name":"wp","href":"https:\/\/api.w.org\/{rel}","templated":true}]}}