{"id":27,"date":"2020-10-07T08:21:41","date_gmt":"2020-10-07T08:21:41","guid":{"rendered":"https:\/\/sqs-pci.de\/WP\/?page_id=27"},"modified":"2020-10-07T08:21:41","modified_gmt":"2020-10-07T08:21:41","slug":"schneider-it","status":"publish","type":"page","link":"https:\/\/schneider-it.systems\/","title":{"rendered":"schneider-it"},"content":{"rendered":"<div class=\"Website-Body-Text-P\">\n<p><img loading=\"lazy\" decoding=\"async\" class=\"wp-image-43 alignleft\" src=\"https:\/\/schneider-it.systems\/wp-content\/uploads\/2020\/10\/source-4280758_1920-300x200.jpg\" alt=\"\" width=\"609\" height=\"406\" srcset=\"https:\/\/schneider-it.systems\/wp-content\/uploads\/2020\/10\/source-4280758_1920-300x200.jpg 300w, https:\/\/schneider-it.systems\/wp-content\/uploads\/2020\/10\/source-4280758_1920-1024x683.jpg 1024w, https:\/\/schneider-it.systems\/wp-content\/uploads\/2020\/10\/source-4280758_1920-768x512.jpg 768w, https:\/\/schneider-it.systems\/wp-content\/uploads\/2020\/10\/source-4280758_1920-1536x1024.jpg 1536w, https:\/\/schneider-it.systems\/wp-content\/uploads\/2020\/10\/source-4280758_1920.jpg 1920w\" sizes=\"auto, (max-width: 609px) 100vw, 609px\" \/><\/p>\n<p><span class=\"Heading-C0\">Unsere Softwarel\u00f6sungen unterst\u00fctzen Ihre Gesch\u00e4ftsprozesse optimal. Wir entwickeln Individualsoftware und erstellen Add-<wbr \/>On-<wbr \/>L\u00f6sungen f\u00fcr betriebswirtschaftliche und technische Anwendungen.<br \/>\n<\/span><\/p>\n<\/div>\n<div class=\"Website-Body-Text-P\"><span class=\"Heading-C0\"><br \/>\nUnsere Softwareentwicklung basiert auf dem Prinzip des \u201eRapid Prototyping\u201c <\/span><span class=\"Heading-C0\">und dem \u201eAgilen Manifest\u201c der Programmierung. Das bedeutet, dass wir nach kurzer Entwurfs\u00adphase sofort in die Programmentwicklung einsteigen und in gemein\u00adsamer Abstimmung mit dem Kunden schnellst m\u00f6glich zu ausf\u00fchrbarer Software gelangen, anhand derer der Anwender seine weitergehenden W\u00fcnsche formulieren kann, die dann flexibel umgesetzt werden. <\/span><\/div>\n","protected":false},"excerpt":{"rendered":"<p>Unsere Softwarel\u00f6sungen unterst\u00fctzen Ihre Gesch\u00e4ftsprozesse optimal. Wir entwickeln Individualsoftware und erstellen Add-On-L\u00f6sungen f\u00fcr betriebswirtschaftliche und technische Anwendungen. Unsere Softwareentwicklung basiert auf dem Prinzip des \u201eRapid Prototyping\u201c und dem \u201eAgilen Manifest\u201c der Programmierung. Das bedeutet, dass wir nach kurzer Entwurfs\u00adphase sofort in die Programmentwicklung einsteigen und in gemein\u00adsamer Abstimmung mit dem Kunden schnellst m\u00f6glich zu ausf\u00fchrbarer Software gelangen, anhand derer der [&hellip;]<\/p>\n","protected":false},"author":1,"featured_media":0,"parent":0,"menu_order":0,"comment_status":"closed","ping_status":"closed","template":"","meta":{"footnotes":""},"class_list":["post-27","page","type-page","status-publish","hentry"],"yoast_head":"<!-- This site is optimized with the Yoast SEO plugin v27.0 - https:\/\/yoast.com\/product\/yoast-seo-wordpress\/ -->\n<title>schneider-it -<\/title>\n<meta name=\"robots\" content=\"index, follow, max-snippet:-1, max-image-preview:large, max-video-preview:-1\" \/>\n<link rel=\"canonical\" href=\"https:\/\/schneider-it.systems\/\" \/>\n<meta property=\"og:locale\" content=\"de_DE\" \/>\n<meta property=\"og:type\" content=\"article\" \/>\n<meta property=\"og:title\" content=\"schneider-it -\" \/>\n<meta property=\"og:description\" content=\"Unsere Softwarel\u00f6sungen unterst\u00fctzen Ihre Gesch\u00e4ftsprozesse optimal. Wir entwickeln Individualsoftware und erstellen Add-On-L\u00f6sungen f\u00fcr betriebswirtschaftliche und technische Anwendungen. Unsere Softwareentwicklung basiert auf dem Prinzip des \u201eRapid Prototyping\u201c und dem \u201eAgilen Manifest\u201c der Programmierung. Das bedeutet, dass wir nach kurzer Entwurfs\u00adphase sofort in die Programmentwicklung einsteigen und in gemein\u00adsamer Abstimmung mit dem Kunden schnellst m\u00f6glich zu ausf\u00fchrbarer Software gelangen, anhand derer der [&hellip;]\" \/>\n<meta property=\"og:url\" content=\"https:\/\/schneider-it.systems\/\" \/>\n<meta property=\"og:image\" content=\"https:\/\/schneider-it.systems\/wp-content\/uploads\/2020\/10\/source-4280758_1920-300x200.jpg\" \/>\n<meta name=\"twitter:card\" content=\"summary_large_image\" \/>\n<script type=\"application\/ld+json\" class=\"yoast-schema-graph\">{\"@context\":\"https:\/\/schema.org\",\"@graph\":[{\"@type\":\"WebPage\",\"@id\":\"https:\/\/schneider-it.systems\/\",\"url\":\"https:\/\/schneider-it.systems\/\",\"name\":\"schneider-it -\",\"isPartOf\":{\"@id\":\"https:\/\/schneider-it.systems\/#website\"},\"primaryImageOfPage\":{\"@id\":\"https:\/\/schneider-it.systems\/#primaryimage\"},\"image\":{\"@id\":\"https:\/\/schneider-it.systems\/#primaryimage\"},\"thumbnailUrl\":\"https:\/\/schneider-it.systems\/wp-content\/uploads\/2020\/10\/source-4280758_1920-300x200.jpg\",\"datePublished\":\"2020-10-07T08:21:41+00:00\",\"breadcrumb\":{\"@id\":\"https:\/\/schneider-it.systems\/#breadcrumb\"},\"inLanguage\":\"de\",\"potentialAction\":[{\"@type\":\"ReadAction\",\"target\":[\"https:\/\/schneider-it.systems\/\"]}]},{\"@type\":\"ImageObject\",\"inLanguage\":\"de\",\"@id\":\"https:\/\/schneider-it.systems\/#primaryimage\",\"url\":\"https:\/\/schneider-it.systems\/wp-content\/uploads\/2020\/10\/source-4280758_1920.jpg\",\"contentUrl\":\"https:\/\/schneider-it.systems\/wp-content\/uploads\/2020\/10\/source-4280758_1920.jpg\",\"width\":1920,\"height\":1280},{\"@type\":\"BreadcrumbList\",\"@id\":\"https:\/\/schneider-it.systems\/#breadcrumb\",\"itemListElement\":[{\"@type\":\"ListItem\",\"position\":1,\"name\":\"Home\",\"item\":\"https:\/\/schneider-it.systems\/\"},{\"@type\":\"ListItem\",\"position\":2,\"name\":\"schneider-it\"}]},{\"@type\":\"WebSite\",\"@id\":\"https:\/\/schneider-it.systems\/#website\",\"url\":\"https:\/\/schneider-it.systems\/\",\"name\":\"\",\"description\":\"smarte software * schnelle L\u00f6sung\",\"potentialAction\":[{\"@type\":\"SearchAction\",\"target\":{\"@type\":\"EntryPoint\",\"urlTemplate\":\"https:\/\/schneider-it.systems\/?s={search_term_string}\"},\"query-input\":{\"@type\":\"PropertyValueSpecification\",\"valueRequired\":true,\"valueName\":\"search_term_string\"}}],\"inLanguage\":\"de\"}]}<\/script>\n<!-- \/ Yoast SEO plugin. -->","yoast_head_json":{"title":"schneider-it -","robots":{"index":"index","follow":"follow","max-snippet":"max-snippet:-1","max-image-preview":"max-image-preview:large","max-video-preview":"max-video-preview:-1"},"canonical":"https:\/\/schneider-it.systems\/","og_locale":"de_DE","og_type":"article","og_title":"schneider-it -","og_description":"Unsere Softwarel\u00f6sungen unterst\u00fctzen Ihre Gesch\u00e4ftsprozesse optimal. Wir entwickeln Individualsoftware und erstellen Add-On-L\u00f6sungen f\u00fcr betriebswirtschaftliche und technische Anwendungen. Unsere Softwareentwicklung basiert auf dem Prinzip des \u201eRapid Prototyping\u201c und dem \u201eAgilen Manifest\u201c der Programmierung. Das bedeutet, dass wir nach kurzer Entwurfs\u00adphase sofort in die Programmentwicklung einsteigen und in gemein\u00adsamer Abstimmung mit dem Kunden schnellst m\u00f6glich zu ausf\u00fchrbarer Software gelangen, anhand derer der [&hellip;]","og_url":"https:\/\/schneider-it.systems\/","og_image":[{"url":"https:\/\/schneider-it.systems\/wp-content\/uploads\/2020\/10\/source-4280758_1920-300x200.jpg","type":"","width":"","height":""}],"twitter_card":"summary_large_image","schema":{"@context":"https:\/\/schema.org","@graph":[{"@type":"WebPage","@id":"https:\/\/schneider-it.systems\/","url":"https:\/\/schneider-it.systems\/","name":"schneider-it -","isPartOf":{"@id":"https:\/\/schneider-it.systems\/#website"},"primaryImageOfPage":{"@id":"https:\/\/schneider-it.systems\/#primaryimage"},"image":{"@id":"https:\/\/schneider-it.systems\/#primaryimage"},"thumbnailUrl":"https:\/\/schneider-it.systems\/wp-content\/uploads\/2020\/10\/source-4280758_1920-300x200.jpg","datePublished":"2020-10-07T08:21:41+00:00","breadcrumb":{"@id":"https:\/\/schneider-it.systems\/#breadcrumb"},"inLanguage":"de","potentialAction":[{"@type":"ReadAction","target":["https:\/\/schneider-it.systems\/"]}]},{"@type":"ImageObject","inLanguage":"de","@id":"https:\/\/schneider-it.systems\/#primaryimage","url":"https:\/\/schneider-it.systems\/wp-content\/uploads\/2020\/10\/source-4280758_1920.jpg","contentUrl":"https:\/\/schneider-it.systems\/wp-content\/uploads\/2020\/10\/source-4280758_1920.jpg","width":1920,"height":1280},{"@type":"BreadcrumbList","@id":"https:\/\/schneider-it.systems\/#breadcrumb","itemListElement":[{"@type":"ListItem","position":1,"name":"Home","item":"https:\/\/schneider-it.systems\/"},{"@type":"ListItem","position":2,"name":"schneider-it"}]},{"@type":"WebSite","@id":"https:\/\/schneider-it.systems\/#website","url":"https:\/\/schneider-it.systems\/","name":"","description":"smarte software * schnelle L\u00f6sung","potentialAction":[{"@type":"SearchAction","target":{"@type":"EntryPoint","urlTemplate":"https:\/\/schneider-it.systems\/?s={search_term_string}"},"query-input":{"@type":"PropertyValueSpecification","valueRequired":true,"valueName":"search_term_string"}}],"inLanguage":"de"}]}},"_links":{"self":[{"href":"https:\/\/schneider-it.systems\/index.php\/wp-json\/wp\/v2\/pages\/27","targetHints":{"allow":["GET"]}}],"collection":[{"href":"https:\/\/schneider-it.systems\/index.php\/wp-json\/wp\/v2\/pages"}],"about":[{"href":"https:\/\/schneider-it.systems\/index.php\/wp-json\/wp\/v2\/types\/page"}],"author":[{"embeddable":true,"href":"https:\/\/schneider-it.systems\/index.php\/wp-json\/wp\/v2\/users\/1"}],"replies":[{"embeddable":true,"href":"https:\/\/schneider-it.systems\/index.php\/wp-json\/wp\/v2\/comments?post=27"}],"version-history":[{"count":0,"href":"https:\/\/schneider-it.systems\/index.php\/wp-json\/wp\/v2\/pages\/27\/revisions"}],"wp:attachment":[{"href":"https:\/\/schneider-it.systems\/index.php\/wp-json\/wp\/v2\/media?parent=27"}],"curies":[{"name":"wp","href":"https:\/\/api.w.org\/{rel}","templated":true}]}}