{"id":62,"date":"2020-10-07T11:00:04","date_gmt":"2020-10-07T11:00:04","guid":{"rendered":"https:\/\/sqs-pci.de\/WP\/?page_id=62"},"modified":"2024-11-25T17:34:48","modified_gmt":"2024-11-25T17:34:48","slug":"software-2","status":"publish","type":"page","link":"https:\/\/schneider-it.systems\/index.php\/software-2\/","title":{"rendered":"software"},"content":{"rendered":"<p><img loading=\"lazy\" decoding=\"async\" class=\" wp-image-115 alignleft\" src=\"https:\/\/schneider-it.systems\/wp-content\/uploads\/2020\/10\/sunrise-1756274_1920-300x150.jpg\" alt=\"\" width=\"850\" height=\"425\" srcset=\"https:\/\/schneider-it.systems\/wp-content\/uploads\/2020\/10\/sunrise-1756274_1920-300x150.jpg 300w, https:\/\/schneider-it.systems\/wp-content\/uploads\/2020\/10\/sunrise-1756274_1920-1024x512.jpg 1024w, https:\/\/schneider-it.systems\/wp-content\/uploads\/2020\/10\/sunrise-1756274_1920-768x384.jpg 768w, https:\/\/schneider-it.systems\/wp-content\/uploads\/2020\/10\/sunrise-1756274_1920-1536x768.jpg 1536w, https:\/\/schneider-it.systems\/wp-content\/uploads\/2020\/10\/sunrise-1756274_1920.jpg 1920w\" sizes=\"auto, (max-width: 850px) 100vw, 850px\" \/><img loading=\"lazy\" decoding=\"async\" class=\"wp-image-121 alignnone alignright\" src=\"https:\/\/schneider-it.systems\/wp-content\/uploads\/2020\/10\/delphi.jpg\" alt=\"\" width=\"101\" height=\"127\" \/><\/p>\n<p><img loading=\"lazy\" decoding=\"async\" class=\"wp-image-127 alignnone\" src=\"https:\/\/schneider-it.systems\/wp-content\/uploads\/2020\/10\/Lazarus-Tatze.png\" alt=\"\" width=\"81\" height=\"81\" srcset=\"https:\/\/schneider-it.systems\/wp-content\/uploads\/2020\/10\/Lazarus-Tatze.png 256w, https:\/\/schneider-it.systems\/wp-content\/uploads\/2020\/10\/Lazarus-Tatze-150x150.png 150w\" sizes=\"auto, (max-width: 81px) 100vw, 81px\" \/>lazarus<img loading=\"lazy\" decoding=\"async\" class=\"alignnone wp-image-120 alignright\" src=\"https:\/\/schneider-it.systems\/wp-content\/uploads\/2020\/10\/csharp.jpg\" alt=\"\" width=\"99\" height=\"99\" srcset=\"https:\/\/schneider-it.systems\/wp-content\/uploads\/2020\/10\/csharp.jpg 204w, https:\/\/schneider-it.systems\/wp-content\/uploads\/2020\/10\/csharp-150x150.jpg 150w\" sizes=\"auto, (max-width: 99px) 100vw, 99px\" \/><\/p>\n<p><img loading=\"lazy\" decoding=\"async\" class=\"alignnone wp-image-122\" src=\"https:\/\/schneider-it.systems\/wp-content\/uploads\/2020\/10\/java.jpg\" alt=\"\" width=\"120\" height=\"72\" \/><\/p>\n<p class=\"Normal-P\"><span class=\"Normal-C0\">Resultate aus unserer Individual-<wbr \/>Programmierung, die f\u00fcr eine gr\u00f6\u00dfere Kundengruppe in Frage kommen k\u00f6nnten, haben wir verallgemeinert und zu eigenst\u00e4ndigen Softwarepaketen gemacht. <\/span><span class=\"Normal-C0\">\u00a0<\/span><\/p>\n<p class=\"Normal-P\"><span class=\"Normal-C0\">Die Untermen\u00fcs zeigen unsere wichtigsten Standardprogramme, die wir nach Abschluss der Entwicklung kosteng\u00fcnstig als Fertig\u00adprogram\u00adme anbieten k\u00f6nnen. Die Preise unserer Programmpakete beginnen bereits bei \u00a0195,-<wbr \/>\u20ac\u00a0 zzgl. gesetzl. MWSt.<br \/>\nTesten Sie uns &#8230;.<\/span><\/p>\n<p class=\"Normal-P\"><span class=\"Normal-C0\"> Nat\u00fcrlich k\u00f6nnen wir auch bei diesen Programmen auf ihre W\u00fcnsche eingehen und individuelle \u00c4nderungen vornehmen.<\/span><\/p>\n","protected":false},"excerpt":{"rendered":"<p>lazarus Resultate aus unserer Individual-Programmierung, die f\u00fcr eine gr\u00f6\u00dfere Kundengruppe in Frage kommen k\u00f6nnten, haben wir verallgemeinert und zu eigenst\u00e4ndigen Softwarepaketen gemacht. \u00a0 Die Untermen\u00fcs zeigen unsere wichtigsten Standardprogramme, die wir nach Abschluss der Entwicklung kosteng\u00fcnstig als Fertig\u00adprogram\u00adme anbieten k\u00f6nnen. Die Preise unserer Programmpakete beginnen bereits bei \u00a0195,-\u20ac\u00a0 zzgl. gesetzl. MWSt. Testen Sie uns &#8230;. Nat\u00fcrlich k\u00f6nnen wir auch bei [&hellip;]<\/p>\n","protected":false},"author":1,"featured_media":0,"parent":0,"menu_order":0,"comment_status":"closed","ping_status":"closed","template":"","meta":{"footnotes":""},"class_list":["post-62","page","type-page","status-publish","hentry"],"yoast_head":"<!-- This site is optimized with the Yoast SEO plugin v27.0 - https:\/\/yoast.com\/product\/yoast-seo-wordpress\/ -->\n<title>software -<\/title>\n<meta name=\"robots\" content=\"index, follow, max-snippet:-1, max-image-preview:large, max-video-preview:-1\" \/>\n<link rel=\"canonical\" href=\"https:\/\/schneider-it.systems\/index.php\/software-2\/\" \/>\n<meta property=\"og:locale\" content=\"de_DE\" \/>\n<meta property=\"og:type\" content=\"article\" \/>\n<meta property=\"og:title\" content=\"software -\" \/>\n<meta property=\"og:description\" content=\"lazarus Resultate aus unserer Individual-Programmierung, die f\u00fcr eine gr\u00f6\u00dfere Kundengruppe in Frage kommen k\u00f6nnten, haben wir verallgemeinert und zu eigenst\u00e4ndigen Softwarepaketen gemacht. \u00a0 Die Untermen\u00fcs zeigen unsere wichtigsten Standardprogramme, die wir nach Abschluss der Entwicklung kosteng\u00fcnstig als Fertig\u00adprogram\u00adme anbieten k\u00f6nnen. Die Preise unserer Programmpakete beginnen bereits bei \u00a0195,-\u20ac\u00a0 zzgl. gesetzl. MWSt. Testen Sie uns &#8230;. Nat\u00fcrlich k\u00f6nnen wir auch bei [&hellip;]\" \/>\n<meta property=\"og:url\" content=\"https:\/\/schneider-it.systems\/index.php\/software-2\/\" \/>\n<meta property=\"article:modified_time\" content=\"2024-11-25T17:34:48+00:00\" \/>\n<meta property=\"og:image\" content=\"https:\/\/schneider-it.systems\/wp-content\/uploads\/2020\/10\/sunrise-1756274_1920-300x150.jpg\" \/>\n<meta name=\"twitter:card\" content=\"summary_large_image\" \/>\n<meta name=\"twitter:label1\" content=\"Gesch\u00e4tzte Lesezeit\" \/>\n\t<meta name=\"twitter:data1\" content=\"2\u00a0Minuten\" \/>\n<script type=\"application\/ld+json\" class=\"yoast-schema-graph\">{\"@context\":\"https:\/\/schema.org\",\"@graph\":[{\"@type\":\"WebPage\",\"@id\":\"https:\/\/schneider-it.systems\/index.php\/software-2\/\",\"url\":\"https:\/\/schneider-it.systems\/index.php\/software-2\/\",\"name\":\"software -\",\"isPartOf\":{\"@id\":\"https:\/\/schneider-it.systems\/#website\"},\"primaryImageOfPage\":{\"@id\":\"https:\/\/schneider-it.systems\/index.php\/software-2\/#primaryimage\"},\"image\":{\"@id\":\"https:\/\/schneider-it.systems\/index.php\/software-2\/#primaryimage\"},\"thumbnailUrl\":\"https:\/\/schneider-it.systems\/wp-content\/uploads\/2020\/10\/sunrise-1756274_1920-300x150.jpg\",\"datePublished\":\"2020-10-07T11:00:04+00:00\",\"dateModified\":\"2024-11-25T17:34:48+00:00\",\"breadcrumb\":{\"@id\":\"https:\/\/schneider-it.systems\/index.php\/software-2\/#breadcrumb\"},\"inLanguage\":\"de\",\"potentialAction\":[{\"@type\":\"ReadAction\",\"target\":[\"https:\/\/schneider-it.systems\/index.php\/software-2\/\"]}]},{\"@type\":\"ImageObject\",\"inLanguage\":\"de\",\"@id\":\"https:\/\/schneider-it.systems\/index.php\/software-2\/#primaryimage\",\"url\":\"https:\/\/schneider-it.systems\/wp-content\/uploads\/2020\/10\/sunrise-1756274_1920.jpg\",\"contentUrl\":\"https:\/\/schneider-it.systems\/wp-content\/uploads\/2020\/10\/sunrise-1756274_1920.jpg\",\"width\":1920,\"height\":960},{\"@type\":\"BreadcrumbList\",\"@id\":\"https:\/\/schneider-it.systems\/index.php\/software-2\/#breadcrumb\",\"itemListElement\":[{\"@type\":\"ListItem\",\"position\":1,\"name\":\"Home\",\"item\":\"https:\/\/schneider-it.systems\/\"},{\"@type\":\"ListItem\",\"position\":2,\"name\":\"software\"}]},{\"@type\":\"WebSite\",\"@id\":\"https:\/\/schneider-it.systems\/#website\",\"url\":\"https:\/\/schneider-it.systems\/\",\"name\":\"\",\"description\":\"smarte software * schnelle L\u00f6sung\",\"potentialAction\":[{\"@type\":\"SearchAction\",\"target\":{\"@type\":\"EntryPoint\",\"urlTemplate\":\"https:\/\/schneider-it.systems\/?s={search_term_string}\"},\"query-input\":{\"@type\":\"PropertyValueSpecification\",\"valueRequired\":true,\"valueName\":\"search_term_string\"}}],\"inLanguage\":\"de\"}]}<\/script>\n<!-- \/ Yoast SEO plugin. -->","yoast_head_json":{"title":"software -","robots":{"index":"index","follow":"follow","max-snippet":"max-snippet:-1","max-image-preview":"max-image-preview:large","max-video-preview":"max-video-preview:-1"},"canonical":"https:\/\/schneider-it.systems\/index.php\/software-2\/","og_locale":"de_DE","og_type":"article","og_title":"software -","og_description":"lazarus Resultate aus unserer Individual-Programmierung, die f\u00fcr eine gr\u00f6\u00dfere Kundengruppe in Frage kommen k\u00f6nnten, haben wir verallgemeinert und zu eigenst\u00e4ndigen Softwarepaketen gemacht. \u00a0 Die Untermen\u00fcs zeigen unsere wichtigsten Standardprogramme, die wir nach Abschluss der Entwicklung kosteng\u00fcnstig als Fertig\u00adprogram\u00adme anbieten k\u00f6nnen. Die Preise unserer Programmpakete beginnen bereits bei \u00a0195,-\u20ac\u00a0 zzgl. gesetzl. MWSt. Testen Sie uns &#8230;. Nat\u00fcrlich k\u00f6nnen wir auch bei [&hellip;]","og_url":"https:\/\/schneider-it.systems\/index.php\/software-2\/","article_modified_time":"2024-11-25T17:34:48+00:00","og_image":[{"url":"https:\/\/schneider-it.systems\/wp-content\/uploads\/2020\/10\/sunrise-1756274_1920-300x150.jpg","type":"","width":"","height":""}],"twitter_card":"summary_large_image","twitter_misc":{"Gesch\u00e4tzte Lesezeit":"2\u00a0Minuten"},"schema":{"@context":"https:\/\/schema.org","@graph":[{"@type":"WebPage","@id":"https:\/\/schneider-it.systems\/index.php\/software-2\/","url":"https:\/\/schneider-it.systems\/index.php\/software-2\/","name":"software -","isPartOf":{"@id":"https:\/\/schneider-it.systems\/#website"},"primaryImageOfPage":{"@id":"https:\/\/schneider-it.systems\/index.php\/software-2\/#primaryimage"},"image":{"@id":"https:\/\/schneider-it.systems\/index.php\/software-2\/#primaryimage"},"thumbnailUrl":"https:\/\/schneider-it.systems\/wp-content\/uploads\/2020\/10\/sunrise-1756274_1920-300x150.jpg","datePublished":"2020-10-07T11:00:04+00:00","dateModified":"2024-11-25T17:34:48+00:00","breadcrumb":{"@id":"https:\/\/schneider-it.systems\/index.php\/software-2\/#breadcrumb"},"inLanguage":"de","potentialAction":[{"@type":"ReadAction","target":["https:\/\/schneider-it.systems\/index.php\/software-2\/"]}]},{"@type":"ImageObject","inLanguage":"de","@id":"https:\/\/schneider-it.systems\/index.php\/software-2\/#primaryimage","url":"https:\/\/schneider-it.systems\/wp-content\/uploads\/2020\/10\/sunrise-1756274_1920.jpg","contentUrl":"https:\/\/schneider-it.systems\/wp-content\/uploads\/2020\/10\/sunrise-1756274_1920.jpg","width":1920,"height":960},{"@type":"BreadcrumbList","@id":"https:\/\/schneider-it.systems\/index.php\/software-2\/#breadcrumb","itemListElement":[{"@type":"ListItem","position":1,"name":"Home","item":"https:\/\/schneider-it.systems\/"},{"@type":"ListItem","position":2,"name":"software"}]},{"@type":"WebSite","@id":"https:\/\/schneider-it.systems\/#website","url":"https:\/\/schneider-it.systems\/","name":"","description":"smarte software * schnelle L\u00f6sung","potentialAction":[{"@type":"SearchAction","target":{"@type":"EntryPoint","urlTemplate":"https:\/\/schneider-it.systems\/?s={search_term_string}"},"query-input":{"@type":"PropertyValueSpecification","valueRequired":true,"valueName":"search_term_string"}}],"inLanguage":"de"}]}},"_links":{"self":[{"href":"https:\/\/schneider-it.systems\/index.php\/wp-json\/wp\/v2\/pages\/62","targetHints":{"allow":["GET"]}}],"collection":[{"href":"https:\/\/schneider-it.systems\/index.php\/wp-json\/wp\/v2\/pages"}],"about":[{"href":"https:\/\/schneider-it.systems\/index.php\/wp-json\/wp\/v2\/types\/page"}],"author":[{"embeddable":true,"href":"https:\/\/schneider-it.systems\/index.php\/wp-json\/wp\/v2\/users\/1"}],"replies":[{"embeddable":true,"href":"https:\/\/schneider-it.systems\/index.php\/wp-json\/wp\/v2\/comments?post=62"}],"version-history":[{"count":1,"href":"https:\/\/schneider-it.systems\/index.php\/wp-json\/wp\/v2\/pages\/62\/revisions"}],"predecessor-version":[{"id":246,"href":"https:\/\/schneider-it.systems\/index.php\/wp-json\/wp\/v2\/pages\/62\/revisions\/246"}],"wp:attachment":[{"href":"https:\/\/schneider-it.systems\/index.php\/wp-json\/wp\/v2\/media?parent=62"}],"curies":[{"name":"wp","href":"https:\/\/api.w.org\/{rel}","templated":true}]}}