{"id":74,"date":"2020-10-07T11:10:16","date_gmt":"2020-10-07T11:10:16","guid":{"rendered":"https:\/\/sqs-pci.de\/WP\/?page_id=74"},"modified":"2020-10-07T11:10:16","modified_gmt":"2020-10-07T11:10:16","slug":"inventarverwaltung","status":"publish","type":"page","link":"https:\/\/schneider-it.systems\/index.php\/inventarverwaltung\/","title":{"rendered":"inventarverwaltung"},"content":{"rendered":"<p class=\"Default-P\"><span class=\"Normal-C\">Das Inventarverwaltungsprogramm \u201eINVENTORY\u201c ist konzipiert als einfaches, \u00fcberschaubares <\/span><span class=\"Normal-C\"> <img loading=\"lazy\" decoding=\"async\" class=\" wp-image-131 alignright\" src=\"https:\/\/schneider-it.systems\/wp-content\/uploads\/2020\/10\/inventory-karte-285x300.jpg\" alt=\"\" width=\"359\" height=\"378\" srcset=\"https:\/\/schneider-it.systems\/wp-content\/uploads\/2020\/10\/inventory-karte-285x300.jpg 285w, https:\/\/schneider-it.systems\/wp-content\/uploads\/2020\/10\/inventory-karte.jpg 737w\" sizes=\"auto, (max-width: 359px) 100vw, 359px\" \/><\/span><br \/>\n<span class=\"Normal-C\">und effektives Hilfsmittel zur Verwaltung Ihres Inventar<wbr \/>bestandes.<\/span><span class=\"Normal-C\">\u00a0<\/span><\/p>\n<p class=\"Default-P\"><span class=\"Normal-C\">Abh\u00e4ngig vom Einsatzbereich k\u00f6nnen alle relevanten Informationen Ihres Inventars gespeichert werden. <\/span><\/p>\n<p class=\"Default-P\"><span class=\"Normal-C\">Der integrierte Label-<wbr \/> und Listendruck erlaubt es, standardisierte Etiketten bzw. Typenschilder mit Text-<wbr \/> und Barcodedaten zu versehen. Durch eine CSV-<wbr \/>Export-<wbr \/>Funktion k\u00f6nnen alle Inventardaten in Excel weiterverwendet werden. So ist eine individuelle Etikettengestaltung mit externen Label-<wbr \/>Programmen \u00a0m\u00f6glich.<br \/>\n<\/span><span class=\"Normal-C\">Das Programm bietet auf Wunsch eine laufende Inventarnummer, die bei Bedarf mit festen Pr\u00e4fix-<wbr \/>Zeichen versehen werden kann. <\/span><\/p>\n<p class=\"Default-P\"><span class=\"Normal-C\">Die Inventur l\u00e4uft \u00a0\u00fcber ein unabh\u00e4ngiges Barcode-<wbr \/>Terminal, welches mit einem Laserscanner ausgestattet ist, der bereits in 50-<wbr \/>60 cm Entfernung das Barcode-<wbr \/>Label lesen kann \u00a0(wichtig bei schwer zug\u00e4nglichen Ger\u00e4ten). Dieser mobile Handscanner in der Gr\u00f6\u00dfe eines Handys kann ca. 10.000 Inventurs\u00e4tze zwischenspeichern, bevor die Erfassungsdaten am PC eingelesen werden m\u00fcssen. Das Programm \u201eINVENTORY\u201c vergleicht dann die eingelesenen Daten mit den Inventar-<wbr \/>Stammdaten und zeigt Abweichungen direkt am Bildschirm an. Zur weiteren Bearbeitung ist eine bei Bedarf gefilterte und sortierte Inventarliste druckbar. <\/span><\/p>\n","protected":false},"excerpt":{"rendered":"<p>Das Inventarverwaltungsprogramm \u201eINVENTORY\u201c ist konzipiert als einfaches, \u00fcberschaubares und effektives Hilfsmittel zur Verwaltung Ihres Inventarbestandes.\u00a0 Abh\u00e4ngig vom Einsatzbereich k\u00f6nnen alle relevanten Informationen Ihres Inventars gespeichert werden. Der integrierte Label- und Listendruck erlaubt es, standardisierte Etiketten bzw. Typenschilder mit Text- und Barcodedaten zu versehen. Durch eine CSV-Export-Funktion k\u00f6nnen alle Inventardaten in Excel weiterverwendet werden. So ist eine individuelle Etikettengestaltung mit externen [&hellip;]<\/p>\n","protected":false},"author":1,"featured_media":0,"parent":0,"menu_order":0,"comment_status":"closed","ping_status":"closed","template":"","meta":{"footnotes":""},"class_list":["post-74","page","type-page","status-publish","hentry"],"yoast_head":"<!-- This site is optimized with the Yoast SEO plugin v27.0 - https:\/\/yoast.com\/product\/yoast-seo-wordpress\/ -->\n<title>inventarverwaltung -<\/title>\n<meta name=\"robots\" content=\"index, follow, max-snippet:-1, max-image-preview:large, max-video-preview:-1\" \/>\n<link rel=\"canonical\" href=\"https:\/\/schneider-it.systems\/index.php\/inventarverwaltung\/\" \/>\n<meta property=\"og:locale\" content=\"de_DE\" \/>\n<meta property=\"og:type\" content=\"article\" \/>\n<meta property=\"og:title\" content=\"inventarverwaltung -\" \/>\n<meta property=\"og:description\" content=\"Das Inventarverwaltungsprogramm \u201eINVENTORY\u201c ist konzipiert als einfaches, \u00fcberschaubares und effektives Hilfsmittel zur Verwaltung Ihres Inventarbestandes.\u00a0 Abh\u00e4ngig vom Einsatzbereich k\u00f6nnen alle relevanten Informationen Ihres Inventars gespeichert werden. Der integrierte Label- und Listendruck erlaubt es, standardisierte Etiketten bzw. Typenschilder mit Text- und Barcodedaten zu versehen. Durch eine CSV-Export-Funktion k\u00f6nnen alle Inventardaten in Excel weiterverwendet werden. So ist eine individuelle Etikettengestaltung mit externen [&hellip;]\" \/>\n<meta property=\"og:url\" content=\"https:\/\/schneider-it.systems\/index.php\/inventarverwaltung\/\" \/>\n<meta property=\"og:image\" content=\"https:\/\/schneider-it.systems\/wp-content\/uploads\/2020\/10\/inventory-karte-285x300.jpg\" \/>\n<meta name=\"twitter:card\" content=\"summary_large_image\" \/>\n<meta name=\"twitter:label1\" content=\"Gesch\u00e4tzte Lesezeit\" \/>\n\t<meta name=\"twitter:data1\" content=\"1\u00a0Minute\" \/>\n<script type=\"application\/ld+json\" class=\"yoast-schema-graph\">{\"@context\":\"https:\/\/schema.org\",\"@graph\":[{\"@type\":\"WebPage\",\"@id\":\"https:\/\/schneider-it.systems\/index.php\/inventarverwaltung\/\",\"url\":\"https:\/\/schneider-it.systems\/index.php\/inventarverwaltung\/\",\"name\":\"inventarverwaltung -\",\"isPartOf\":{\"@id\":\"https:\/\/schneider-it.systems\/#website\"},\"primaryImageOfPage\":{\"@id\":\"https:\/\/schneider-it.systems\/index.php\/inventarverwaltung\/#primaryimage\"},\"image\":{\"@id\":\"https:\/\/schneider-it.systems\/index.php\/inventarverwaltung\/#primaryimage\"},\"thumbnailUrl\":\"https:\/\/schneider-it.systems\/wp-content\/uploads\/2020\/10\/inventory-karte-285x300.jpg\",\"datePublished\":\"2020-10-07T11:10:16+00:00\",\"breadcrumb\":{\"@id\":\"https:\/\/schneider-it.systems\/index.php\/inventarverwaltung\/#breadcrumb\"},\"inLanguage\":\"de\",\"potentialAction\":[{\"@type\":\"ReadAction\",\"target\":[\"https:\/\/schneider-it.systems\/index.php\/inventarverwaltung\/\"]}]},{\"@type\":\"ImageObject\",\"inLanguage\":\"de\",\"@id\":\"https:\/\/schneider-it.systems\/index.php\/inventarverwaltung\/#primaryimage\",\"url\":\"https:\/\/schneider-it.systems\/wp-content\/uploads\/2020\/10\/inventory-karte.jpg\",\"contentUrl\":\"https:\/\/schneider-it.systems\/wp-content\/uploads\/2020\/10\/inventory-karte.jpg\",\"width\":737,\"height\":777},{\"@type\":\"BreadcrumbList\",\"@id\":\"https:\/\/schneider-it.systems\/index.php\/inventarverwaltung\/#breadcrumb\",\"itemListElement\":[{\"@type\":\"ListItem\",\"position\":1,\"name\":\"Home\",\"item\":\"https:\/\/schneider-it.systems\/\"},{\"@type\":\"ListItem\",\"position\":2,\"name\":\"inventarverwaltung\"}]},{\"@type\":\"WebSite\",\"@id\":\"https:\/\/schneider-it.systems\/#website\",\"url\":\"https:\/\/schneider-it.systems\/\",\"name\":\"\",\"description\":\"smarte software * schnelle L\u00f6sung\",\"potentialAction\":[{\"@type\":\"SearchAction\",\"target\":{\"@type\":\"EntryPoint\",\"urlTemplate\":\"https:\/\/schneider-it.systems\/?s={search_term_string}\"},\"query-input\":{\"@type\":\"PropertyValueSpecification\",\"valueRequired\":true,\"valueName\":\"search_term_string\"}}],\"inLanguage\":\"de\"}]}<\/script>\n<!-- \/ Yoast SEO plugin. -->","yoast_head_json":{"title":"inventarverwaltung -","robots":{"index":"index","follow":"follow","max-snippet":"max-snippet:-1","max-image-preview":"max-image-preview:large","max-video-preview":"max-video-preview:-1"},"canonical":"https:\/\/schneider-it.systems\/index.php\/inventarverwaltung\/","og_locale":"de_DE","og_type":"article","og_title":"inventarverwaltung -","og_description":"Das Inventarverwaltungsprogramm \u201eINVENTORY\u201c ist konzipiert als einfaches, \u00fcberschaubares und effektives Hilfsmittel zur Verwaltung Ihres Inventarbestandes.\u00a0 Abh\u00e4ngig vom Einsatzbereich k\u00f6nnen alle relevanten Informationen Ihres Inventars gespeichert werden. Der integrierte Label- und Listendruck erlaubt es, standardisierte Etiketten bzw. Typenschilder mit Text- und Barcodedaten zu versehen. Durch eine CSV-Export-Funktion k\u00f6nnen alle Inventardaten in Excel weiterverwendet werden. So ist eine individuelle Etikettengestaltung mit externen [&hellip;]","og_url":"https:\/\/schneider-it.systems\/index.php\/inventarverwaltung\/","og_image":[{"url":"https:\/\/schneider-it.systems\/wp-content\/uploads\/2020\/10\/inventory-karte-285x300.jpg","type":"","width":"","height":""}],"twitter_card":"summary_large_image","twitter_misc":{"Gesch\u00e4tzte Lesezeit":"1\u00a0Minute"},"schema":{"@context":"https:\/\/schema.org","@graph":[{"@type":"WebPage","@id":"https:\/\/schneider-it.systems\/index.php\/inventarverwaltung\/","url":"https:\/\/schneider-it.systems\/index.php\/inventarverwaltung\/","name":"inventarverwaltung -","isPartOf":{"@id":"https:\/\/schneider-it.systems\/#website"},"primaryImageOfPage":{"@id":"https:\/\/schneider-it.systems\/index.php\/inventarverwaltung\/#primaryimage"},"image":{"@id":"https:\/\/schneider-it.systems\/index.php\/inventarverwaltung\/#primaryimage"},"thumbnailUrl":"https:\/\/schneider-it.systems\/wp-content\/uploads\/2020\/10\/inventory-karte-285x300.jpg","datePublished":"2020-10-07T11:10:16+00:00","breadcrumb":{"@id":"https:\/\/schneider-it.systems\/index.php\/inventarverwaltung\/#breadcrumb"},"inLanguage":"de","potentialAction":[{"@type":"ReadAction","target":["https:\/\/schneider-it.systems\/index.php\/inventarverwaltung\/"]}]},{"@type":"ImageObject","inLanguage":"de","@id":"https:\/\/schneider-it.systems\/index.php\/inventarverwaltung\/#primaryimage","url":"https:\/\/schneider-it.systems\/wp-content\/uploads\/2020\/10\/inventory-karte.jpg","contentUrl":"https:\/\/schneider-it.systems\/wp-content\/uploads\/2020\/10\/inventory-karte.jpg","width":737,"height":777},{"@type":"BreadcrumbList","@id":"https:\/\/schneider-it.systems\/index.php\/inventarverwaltung\/#breadcrumb","itemListElement":[{"@type":"ListItem","position":1,"name":"Home","item":"https:\/\/schneider-it.systems\/"},{"@type":"ListItem","position":2,"name":"inventarverwaltung"}]},{"@type":"WebSite","@id":"https:\/\/schneider-it.systems\/#website","url":"https:\/\/schneider-it.systems\/","name":"","description":"smarte software * schnelle L\u00f6sung","potentialAction":[{"@type":"SearchAction","target":{"@type":"EntryPoint","urlTemplate":"https:\/\/schneider-it.systems\/?s={search_term_string}"},"query-input":{"@type":"PropertyValueSpecification","valueRequired":true,"valueName":"search_term_string"}}],"inLanguage":"de"}]}},"_links":{"self":[{"href":"https:\/\/schneider-it.systems\/index.php\/wp-json\/wp\/v2\/pages\/74","targetHints":{"allow":["GET"]}}],"collection":[{"href":"https:\/\/schneider-it.systems\/index.php\/wp-json\/wp\/v2\/pages"}],"about":[{"href":"https:\/\/schneider-it.systems\/index.php\/wp-json\/wp\/v2\/types\/page"}],"author":[{"embeddable":true,"href":"https:\/\/schneider-it.systems\/index.php\/wp-json\/wp\/v2\/users\/1"}],"replies":[{"embeddable":true,"href":"https:\/\/schneider-it.systems\/index.php\/wp-json\/wp\/v2\/comments?post=74"}],"version-history":[{"count":0,"href":"https:\/\/schneider-it.systems\/index.php\/wp-json\/wp\/v2\/pages\/74\/revisions"}],"wp:attachment":[{"href":"https:\/\/schneider-it.systems\/index.php\/wp-json\/wp\/v2\/media?parent=74"}],"curies":[{"name":"wp","href":"https:\/\/api.w.org\/{rel}","templated":true}]}}