{"id":76,"date":"2020-10-07T11:10:16","date_gmt":"2020-10-07T11:10:16","guid":{"rendered":"https:\/\/sqs-pci.de\/WP\/?page_id=76"},"modified":"2020-10-07T11:10:16","modified_gmt":"2020-10-07T11:10:16","slug":"gaeb-d11","status":"publish","type":"page","link":"https:\/\/schneider-it.systems\/index.php\/gaeb-d11\/","title":{"rendered":"gaeb-d11"},"content":{"rendered":"<p class=\"Normal-P\"><span class=\"Normal-C\"><br \/>\n<\/span><span class=\"Normal-C0\"> <img loading=\"lazy\" decoding=\"async\" class=\"wp-image-138 alignleft\" src=\"https:\/\/schneider-it.systems\/wp-content\/uploads\/2020\/10\/GAEB-300x160.jpg\" alt=\"\" width=\"459\" height=\"245\" srcset=\"https:\/\/schneider-it.systems\/wp-content\/uploads\/2020\/10\/GAEB-300x160.jpg 300w, https:\/\/schneider-it.systems\/wp-content\/uploads\/2020\/10\/GAEB-1024x547.jpg 1024w, https:\/\/schneider-it.systems\/wp-content\/uploads\/2020\/10\/GAEB-768x410.jpg 768w, https:\/\/schneider-it.systems\/wp-content\/uploads\/2020\/10\/GAEB.jpg 1113w\" sizes=\"auto, (max-width: 459px) 100vw, 459px\" \/><\/span><span class=\"Normal-C0\">Aus einem Rahmenauftrag in GAEB-<wbr \/>XML Format (.x86 = Auftragserteilung) werden alle Leistungspositionen ausgelesen und als Datentabelle gespeichert . Aus dieser Liste wird eine Position zur \u00dcbernahme in den Dialog f\u00fcr die Aufma\u00df-<wbr \/> Erfassung ausgew\u00e4hlt . Die Liste der angebotenen Rahmenauftragspositionen kann eingeschr\u00e4nkt werden durch ganzes oder teilweises Eingeben von Positionsnummern oder auch durch ganze oder teilweise Eingabe von Text. (je mehr Ziffern bzw. Text eingegeben, desto kleiner die Auswahl). \u00a0F\u00fcr die Aufma\u00df-<wbr \/> Erfassung gibt es einen eigenen Dialog-<wbr \/>Bereich, der die Rechnungs.Nr, die Aufma\u00df-<wbr \/>Nr und den Aufma\u00df-<wbr \/>\u00dcberschrift enth\u00e4lt. Durch einen Doppelklick auf eine Position des Rahmenauftrags wird eine Position im Aufma\u00df erzeugt. Darin sind Positionsnummer, Faktor, Funktionsnummer, 1.Wert und 1. Rechenzeichen vorbelegt.<\/span><\/p>\n<p class=\"Normal-P\"><span class=\"Normal-C0\">Eine durch \u00dcbernahme entstandenen Position wird mit einem Erl\u00e4uterung (Kommentar, meist eine Raum-<wbr \/> oder Geb\u00e4ude-<wbr \/>Nr) \u00a0und einem Faktor erg\u00e4nzt. Das Programm erzeugt automatisch Blatt-<wbr \/>, Zeilen-<wbr \/> und Index-<wbr \/>Nummern, es k\u00f6nnen beliebig viele Positionen erfasst werden. \u00a0Mit allen Positionen wird eine Aufma\u00df-<wbr \/>Datei im D11 erzeugt. <\/span><\/p>\n","protected":false},"excerpt":{"rendered":"<p>Aus einem Rahmenauftrag in GAEB-XML Format (.x86 = Auftragserteilung) werden alle Leistungspositionen ausgelesen und als Datentabelle gespeichert . Aus dieser Liste wird eine Position zur \u00dcbernahme in den Dialog f\u00fcr die Aufma\u00df- Erfassung ausgew\u00e4hlt . Die Liste der angebotenen Rahmenauftragspositionen kann eingeschr\u00e4nkt werden durch ganzes oder teilweises Eingeben von Positionsnummern oder auch durch ganze oder teilweise Eingabe von Text. (je [&hellip;]<\/p>\n","protected":false},"author":1,"featured_media":0,"parent":0,"menu_order":0,"comment_status":"closed","ping_status":"closed","template":"","meta":{"footnotes":""},"class_list":["post-76","page","type-page","status-publish","hentry"],"yoast_head":"<!-- This site is optimized with the Yoast SEO plugin v27.0 - https:\/\/yoast.com\/product\/yoast-seo-wordpress\/ -->\n<title>gaeb-d11 -<\/title>\n<meta name=\"robots\" content=\"index, follow, max-snippet:-1, max-image-preview:large, max-video-preview:-1\" \/>\n<link rel=\"canonical\" href=\"https:\/\/schneider-it.systems\/index.php\/gaeb-d11\/\" \/>\n<meta property=\"og:locale\" content=\"de_DE\" \/>\n<meta property=\"og:type\" content=\"article\" \/>\n<meta property=\"og:title\" content=\"gaeb-d11 -\" \/>\n<meta property=\"og:description\" content=\"Aus einem Rahmenauftrag in GAEB-XML Format (.x86 = Auftragserteilung) werden alle Leistungspositionen ausgelesen und als Datentabelle gespeichert . Aus dieser Liste wird eine Position zur \u00dcbernahme in den Dialog f\u00fcr die Aufma\u00df- Erfassung ausgew\u00e4hlt . Die Liste der angebotenen Rahmenauftragspositionen kann eingeschr\u00e4nkt werden durch ganzes oder teilweises Eingeben von Positionsnummern oder auch durch ganze oder teilweise Eingabe von Text. (je [&hellip;]\" \/>\n<meta property=\"og:url\" content=\"https:\/\/schneider-it.systems\/index.php\/gaeb-d11\/\" \/>\n<meta property=\"og:image\" content=\"https:\/\/schneider-it.systems\/wp-content\/uploads\/2020\/10\/GAEB-300x160.jpg\" \/>\n<meta name=\"twitter:card\" content=\"summary_large_image\" \/>\n<meta name=\"twitter:label1\" content=\"Gesch\u00e4tzte Lesezeit\" \/>\n\t<meta name=\"twitter:data1\" content=\"1\u00a0Minute\" \/>\n<script type=\"application\/ld+json\" class=\"yoast-schema-graph\">{\"@context\":\"https:\/\/schema.org\",\"@graph\":[{\"@type\":\"WebPage\",\"@id\":\"https:\/\/schneider-it.systems\/index.php\/gaeb-d11\/\",\"url\":\"https:\/\/schneider-it.systems\/index.php\/gaeb-d11\/\",\"name\":\"gaeb-d11 -\",\"isPartOf\":{\"@id\":\"https:\/\/schneider-it.systems\/#website\"},\"primaryImageOfPage\":{\"@id\":\"https:\/\/schneider-it.systems\/index.php\/gaeb-d11\/#primaryimage\"},\"image\":{\"@id\":\"https:\/\/schneider-it.systems\/index.php\/gaeb-d11\/#primaryimage\"},\"thumbnailUrl\":\"https:\/\/schneider-it.systems\/wp-content\/uploads\/2020\/10\/GAEB-300x160.jpg\",\"datePublished\":\"2020-10-07T11:10:16+00:00\",\"breadcrumb\":{\"@id\":\"https:\/\/schneider-it.systems\/index.php\/gaeb-d11\/#breadcrumb\"},\"inLanguage\":\"de\",\"potentialAction\":[{\"@type\":\"ReadAction\",\"target\":[\"https:\/\/schneider-it.systems\/index.php\/gaeb-d11\/\"]}]},{\"@type\":\"ImageObject\",\"inLanguage\":\"de\",\"@id\":\"https:\/\/schneider-it.systems\/index.php\/gaeb-d11\/#primaryimage\",\"url\":\"https:\/\/schneider-it.systems\/wp-content\/uploads\/2020\/10\/GAEB.jpg\",\"contentUrl\":\"https:\/\/schneider-it.systems\/wp-content\/uploads\/2020\/10\/GAEB.jpg\",\"width\":1113,\"height\":594},{\"@type\":\"BreadcrumbList\",\"@id\":\"https:\/\/schneider-it.systems\/index.php\/gaeb-d11\/#breadcrumb\",\"itemListElement\":[{\"@type\":\"ListItem\",\"position\":1,\"name\":\"Home\",\"item\":\"https:\/\/schneider-it.systems\/\"},{\"@type\":\"ListItem\",\"position\":2,\"name\":\"gaeb-d11\"}]},{\"@type\":\"WebSite\",\"@id\":\"https:\/\/schneider-it.systems\/#website\",\"url\":\"https:\/\/schneider-it.systems\/\",\"name\":\"\",\"description\":\"smarte software * schnelle L\u00f6sung\",\"potentialAction\":[{\"@type\":\"SearchAction\",\"target\":{\"@type\":\"EntryPoint\",\"urlTemplate\":\"https:\/\/schneider-it.systems\/?s={search_term_string}\"},\"query-input\":{\"@type\":\"PropertyValueSpecification\",\"valueRequired\":true,\"valueName\":\"search_term_string\"}}],\"inLanguage\":\"de\"}]}<\/script>\n<!-- \/ Yoast SEO plugin. -->","yoast_head_json":{"title":"gaeb-d11 -","robots":{"index":"index","follow":"follow","max-snippet":"max-snippet:-1","max-image-preview":"max-image-preview:large","max-video-preview":"max-video-preview:-1"},"canonical":"https:\/\/schneider-it.systems\/index.php\/gaeb-d11\/","og_locale":"de_DE","og_type":"article","og_title":"gaeb-d11 -","og_description":"Aus einem Rahmenauftrag in GAEB-XML Format (.x86 = Auftragserteilung) werden alle Leistungspositionen ausgelesen und als Datentabelle gespeichert . Aus dieser Liste wird eine Position zur \u00dcbernahme in den Dialog f\u00fcr die Aufma\u00df- Erfassung ausgew\u00e4hlt . Die Liste der angebotenen Rahmenauftragspositionen kann eingeschr\u00e4nkt werden durch ganzes oder teilweises Eingeben von Positionsnummern oder auch durch ganze oder teilweise Eingabe von Text. (je [&hellip;]","og_url":"https:\/\/schneider-it.systems\/index.php\/gaeb-d11\/","og_image":[{"url":"https:\/\/schneider-it.systems\/wp-content\/uploads\/2020\/10\/GAEB-300x160.jpg","type":"","width":"","height":""}],"twitter_card":"summary_large_image","twitter_misc":{"Gesch\u00e4tzte Lesezeit":"1\u00a0Minute"},"schema":{"@context":"https:\/\/schema.org","@graph":[{"@type":"WebPage","@id":"https:\/\/schneider-it.systems\/index.php\/gaeb-d11\/","url":"https:\/\/schneider-it.systems\/index.php\/gaeb-d11\/","name":"gaeb-d11 -","isPartOf":{"@id":"https:\/\/schneider-it.systems\/#website"},"primaryImageOfPage":{"@id":"https:\/\/schneider-it.systems\/index.php\/gaeb-d11\/#primaryimage"},"image":{"@id":"https:\/\/schneider-it.systems\/index.php\/gaeb-d11\/#primaryimage"},"thumbnailUrl":"https:\/\/schneider-it.systems\/wp-content\/uploads\/2020\/10\/GAEB-300x160.jpg","datePublished":"2020-10-07T11:10:16+00:00","breadcrumb":{"@id":"https:\/\/schneider-it.systems\/index.php\/gaeb-d11\/#breadcrumb"},"inLanguage":"de","potentialAction":[{"@type":"ReadAction","target":["https:\/\/schneider-it.systems\/index.php\/gaeb-d11\/"]}]},{"@type":"ImageObject","inLanguage":"de","@id":"https:\/\/schneider-it.systems\/index.php\/gaeb-d11\/#primaryimage","url":"https:\/\/schneider-it.systems\/wp-content\/uploads\/2020\/10\/GAEB.jpg","contentUrl":"https:\/\/schneider-it.systems\/wp-content\/uploads\/2020\/10\/GAEB.jpg","width":1113,"height":594},{"@type":"BreadcrumbList","@id":"https:\/\/schneider-it.systems\/index.php\/gaeb-d11\/#breadcrumb","itemListElement":[{"@type":"ListItem","position":1,"name":"Home","item":"https:\/\/schneider-it.systems\/"},{"@type":"ListItem","position":2,"name":"gaeb-d11"}]},{"@type":"WebSite","@id":"https:\/\/schneider-it.systems\/#website","url":"https:\/\/schneider-it.systems\/","name":"","description":"smarte software * schnelle L\u00f6sung","potentialAction":[{"@type":"SearchAction","target":{"@type":"EntryPoint","urlTemplate":"https:\/\/schneider-it.systems\/?s={search_term_string}"},"query-input":{"@type":"PropertyValueSpecification","valueRequired":true,"valueName":"search_term_string"}}],"inLanguage":"de"}]}},"_links":{"self":[{"href":"https:\/\/schneider-it.systems\/index.php\/wp-json\/wp\/v2\/pages\/76","targetHints":{"allow":["GET"]}}],"collection":[{"href":"https:\/\/schneider-it.systems\/index.php\/wp-json\/wp\/v2\/pages"}],"about":[{"href":"https:\/\/schneider-it.systems\/index.php\/wp-json\/wp\/v2\/types\/page"}],"author":[{"embeddable":true,"href":"https:\/\/schneider-it.systems\/index.php\/wp-json\/wp\/v2\/users\/1"}],"replies":[{"embeddable":true,"href":"https:\/\/schneider-it.systems\/index.php\/wp-json\/wp\/v2\/comments?post=76"}],"version-history":[{"count":0,"href":"https:\/\/schneider-it.systems\/index.php\/wp-json\/wp\/v2\/pages\/76\/revisions"}],"wp:attachment":[{"href":"https:\/\/schneider-it.systems\/index.php\/wp-json\/wp\/v2\/media?parent=76"}],"curies":[{"name":"wp","href":"https:\/\/api.w.org\/{rel}","templated":true}]}}