{"id":79,"date":"2020-10-07T11:10:16","date_gmt":"2020-10-07T11:10:16","guid":{"rendered":"https:\/\/sqs-pci.de\/WP\/?page_id=79"},"modified":"2020-10-07T11:10:16","modified_gmt":"2020-10-07T11:10:16","slug":"wartungsverwaltung","status":"publish","type":"page","link":"https:\/\/schneider-it.systems\/index.php\/wartungsverwaltung\/","title":{"rendered":"wartungsverwaltung"},"content":{"rendered":"<p>&nbsp;<\/p>\n<p class=\"Normal-P\"><span class=\"Normal-C0\"><strong> PR\u00dcFUNG &#8211;<wbr \/> WARTUNG &#8211;<wbr \/> INSTANDHALTUNG<\/strong> <img loading=\"lazy\" decoding=\"async\" class=\" wp-image-147 alignright\" src=\"https:\/\/schneider-it.systems\/wp-content\/uploads\/2020\/10\/PWI_Main-300x222.jpg\" alt=\"\" width=\"320\" height=\"237\" srcset=\"https:\/\/schneider-it.systems\/wp-content\/uploads\/2020\/10\/PWI_Main-300x222.jpg 300w, https:\/\/schneider-it.systems\/wp-content\/uploads\/2020\/10\/PWI_Main-768x568.jpg 768w, https:\/\/schneider-it.systems\/wp-content\/uploads\/2020\/10\/PWI_Main-80x60.jpg 80w, https:\/\/schneider-it.systems\/wp-content\/uploads\/2020\/10\/PWI_Main.jpg 929w\" sizes=\"auto, (max-width: 320px) 100vw, 320px\" \/><\/span><\/p>\n<p class=\"Normal-P\"><span class=\"Normal-C0\">Das Programmpaket wurde konzipiert zur Unterst\u00fctzung, Dokumentation \u00a0und Abrechnung von Dienstleistungen aus dem Bereich Pr\u00fcfung, Wartung \u00a0und Instandhaltung. Zur Pr\u00fcfung f\u00e4llige Datens\u00e4tze k\u00f6nnen angezeigt, gedruckt \u00a0und exportiert werden. Die exportierten Datens\u00e4tze sind auf Windows Mobile \u00a0Scannern einlesbar und stehen s<\/span><span class=\"Normal-C0\"><img loading=\"lazy\" decoding=\"async\" class=\" wp-image-146 alignleft\" src=\"https:\/\/schneider-it.systems\/wp-content\/uploads\/2020\/10\/PWI_Card-300x207.png\" alt=\"\" width=\"325\" height=\"224\" srcset=\"https:\/\/schneider-it.systems\/wp-content\/uploads\/2020\/10\/PWI_Card-300x207.png 300w, https:\/\/schneider-it.systems\/wp-content\/uploads\/2020\/10\/PWI_Card-768x530.png 768w, https:\/\/schneider-it.systems\/wp-content\/uploads\/2020\/10\/PWI_Card.png 1017w\" sizes=\"auto, (max-width: 325px) 100vw, 325px\" \/><\/span><span class=\"Normal-C0\">omit dem Pr\u00fcfer vor Ort zur Verf\u00fcgung.<\/span><\/p>\n<p>Zur Kennzeichnunge der Ger\u00e4te kommen Barcodes oder RFID-Labels zur Anwendung. Der Vorteil der RFID-Technik liegt darin, dass die Reparatur-History des Ger\u00e4tes direkt vor Ort gespeichert und gelesen werden kann.<\/p>\n","protected":false},"excerpt":{"rendered":"<p>&nbsp; PR\u00dcFUNG &#8211; WARTUNG &#8211; INSTANDHALTUNG Das Programmpaket wurde konzipiert zur Unterst\u00fctzung, Dokumentation \u00a0und Abrechnung von Dienstleistungen aus dem Bereich Pr\u00fcfung, Wartung \u00a0und Instandhaltung. Zur Pr\u00fcfung f\u00e4llige Datens\u00e4tze k\u00f6nnen angezeigt, gedruckt \u00a0und exportiert werden. Die exportierten Datens\u00e4tze sind auf Windows Mobile \u00a0Scannern einlesbar und stehen somit dem Pr\u00fcfer vor Ort zur Verf\u00fcgung. Zur Kennzeichnunge der Ger\u00e4te kommen Barcodes oder RFID-Labels [&hellip;]<\/p>\n","protected":false},"author":1,"featured_media":0,"parent":0,"menu_order":0,"comment_status":"closed","ping_status":"closed","template":"","meta":{"footnotes":""},"class_list":["post-79","page","type-page","status-publish","hentry"],"yoast_head":"<!-- This site is optimized with the Yoast SEO plugin v27.0 - https:\/\/yoast.com\/product\/yoast-seo-wordpress\/ -->\n<title>wartungsverwaltung -<\/title>\n<meta name=\"robots\" content=\"index, follow, max-snippet:-1, max-image-preview:large, max-video-preview:-1\" \/>\n<link rel=\"canonical\" href=\"https:\/\/schneider-it.systems\/index.php\/wartungsverwaltung\/\" \/>\n<meta property=\"og:locale\" content=\"de_DE\" \/>\n<meta property=\"og:type\" content=\"article\" \/>\n<meta property=\"og:title\" content=\"wartungsverwaltung -\" \/>\n<meta property=\"og:description\" content=\"&nbsp; PR\u00dcFUNG &#8211; WARTUNG &#8211; INSTANDHALTUNG Das Programmpaket wurde konzipiert zur Unterst\u00fctzung, Dokumentation \u00a0und Abrechnung von Dienstleistungen aus dem Bereich Pr\u00fcfung, Wartung \u00a0und Instandhaltung. Zur Pr\u00fcfung f\u00e4llige Datens\u00e4tze k\u00f6nnen angezeigt, gedruckt \u00a0und exportiert werden. Die exportierten Datens\u00e4tze sind auf Windows Mobile \u00a0Scannern einlesbar und stehen somit dem Pr\u00fcfer vor Ort zur Verf\u00fcgung. Zur Kennzeichnunge der Ger\u00e4te kommen Barcodes oder RFID-Labels [&hellip;]\" \/>\n<meta property=\"og:url\" content=\"https:\/\/schneider-it.systems\/index.php\/wartungsverwaltung\/\" \/>\n<meta property=\"og:image\" content=\"https:\/\/schneider-it.systems\/wp-content\/uploads\/2020\/10\/PWI_Main-300x222.jpg\" \/>\n<meta name=\"twitter:card\" content=\"summary_large_image\" \/>\n<script type=\"application\/ld+json\" class=\"yoast-schema-graph\">{\"@context\":\"https:\/\/schema.org\",\"@graph\":[{\"@type\":\"WebPage\",\"@id\":\"https:\/\/schneider-it.systems\/index.php\/wartungsverwaltung\/\",\"url\":\"https:\/\/schneider-it.systems\/index.php\/wartungsverwaltung\/\",\"name\":\"wartungsverwaltung -\",\"isPartOf\":{\"@id\":\"https:\/\/schneider-it.systems\/#website\"},\"primaryImageOfPage\":{\"@id\":\"https:\/\/schneider-it.systems\/index.php\/wartungsverwaltung\/#primaryimage\"},\"image\":{\"@id\":\"https:\/\/schneider-it.systems\/index.php\/wartungsverwaltung\/#primaryimage\"},\"thumbnailUrl\":\"https:\/\/schneider-it.systems\/wp-content\/uploads\/2020\/10\/PWI_Main-300x222.jpg\",\"datePublished\":\"2020-10-07T11:10:16+00:00\",\"breadcrumb\":{\"@id\":\"https:\/\/schneider-it.systems\/index.php\/wartungsverwaltung\/#breadcrumb\"},\"inLanguage\":\"de\",\"potentialAction\":[{\"@type\":\"ReadAction\",\"target\":[\"https:\/\/schneider-it.systems\/index.php\/wartungsverwaltung\/\"]}]},{\"@type\":\"ImageObject\",\"inLanguage\":\"de\",\"@id\":\"https:\/\/schneider-it.systems\/index.php\/wartungsverwaltung\/#primaryimage\",\"url\":\"https:\/\/schneider-it.systems\/wp-content\/uploads\/2020\/10\/PWI_Main.jpg\",\"contentUrl\":\"https:\/\/schneider-it.systems\/wp-content\/uploads\/2020\/10\/PWI_Main.jpg\",\"width\":929,\"height\":687},{\"@type\":\"BreadcrumbList\",\"@id\":\"https:\/\/schneider-it.systems\/index.php\/wartungsverwaltung\/#breadcrumb\",\"itemListElement\":[{\"@type\":\"ListItem\",\"position\":1,\"name\":\"Home\",\"item\":\"https:\/\/schneider-it.systems\/\"},{\"@type\":\"ListItem\",\"position\":2,\"name\":\"wartungsverwaltung\"}]},{\"@type\":\"WebSite\",\"@id\":\"https:\/\/schneider-it.systems\/#website\",\"url\":\"https:\/\/schneider-it.systems\/\",\"name\":\"\",\"description\":\"smarte software * schnelle L\u00f6sung\",\"potentialAction\":[{\"@type\":\"SearchAction\",\"target\":{\"@type\":\"EntryPoint\",\"urlTemplate\":\"https:\/\/schneider-it.systems\/?s={search_term_string}\"},\"query-input\":{\"@type\":\"PropertyValueSpecification\",\"valueRequired\":true,\"valueName\":\"search_term_string\"}}],\"inLanguage\":\"de\"}]}<\/script>\n<!-- \/ Yoast SEO plugin. -->","yoast_head_json":{"title":"wartungsverwaltung -","robots":{"index":"index","follow":"follow","max-snippet":"max-snippet:-1","max-image-preview":"max-image-preview:large","max-video-preview":"max-video-preview:-1"},"canonical":"https:\/\/schneider-it.systems\/index.php\/wartungsverwaltung\/","og_locale":"de_DE","og_type":"article","og_title":"wartungsverwaltung -","og_description":"&nbsp; PR\u00dcFUNG &#8211; WARTUNG &#8211; INSTANDHALTUNG Das Programmpaket wurde konzipiert zur Unterst\u00fctzung, Dokumentation \u00a0und Abrechnung von Dienstleistungen aus dem Bereich Pr\u00fcfung, Wartung \u00a0und Instandhaltung. Zur Pr\u00fcfung f\u00e4llige Datens\u00e4tze k\u00f6nnen angezeigt, gedruckt \u00a0und exportiert werden. Die exportierten Datens\u00e4tze sind auf Windows Mobile \u00a0Scannern einlesbar und stehen somit dem Pr\u00fcfer vor Ort zur Verf\u00fcgung. Zur Kennzeichnunge der Ger\u00e4te kommen Barcodes oder RFID-Labels [&hellip;]","og_url":"https:\/\/schneider-it.systems\/index.php\/wartungsverwaltung\/","og_image":[{"url":"https:\/\/schneider-it.systems\/wp-content\/uploads\/2020\/10\/PWI_Main-300x222.jpg","type":"","width":"","height":""}],"twitter_card":"summary_large_image","schema":{"@context":"https:\/\/schema.org","@graph":[{"@type":"WebPage","@id":"https:\/\/schneider-it.systems\/index.php\/wartungsverwaltung\/","url":"https:\/\/schneider-it.systems\/index.php\/wartungsverwaltung\/","name":"wartungsverwaltung -","isPartOf":{"@id":"https:\/\/schneider-it.systems\/#website"},"primaryImageOfPage":{"@id":"https:\/\/schneider-it.systems\/index.php\/wartungsverwaltung\/#primaryimage"},"image":{"@id":"https:\/\/schneider-it.systems\/index.php\/wartungsverwaltung\/#primaryimage"},"thumbnailUrl":"https:\/\/schneider-it.systems\/wp-content\/uploads\/2020\/10\/PWI_Main-300x222.jpg","datePublished":"2020-10-07T11:10:16+00:00","breadcrumb":{"@id":"https:\/\/schneider-it.systems\/index.php\/wartungsverwaltung\/#breadcrumb"},"inLanguage":"de","potentialAction":[{"@type":"ReadAction","target":["https:\/\/schneider-it.systems\/index.php\/wartungsverwaltung\/"]}]},{"@type":"ImageObject","inLanguage":"de","@id":"https:\/\/schneider-it.systems\/index.php\/wartungsverwaltung\/#primaryimage","url":"https:\/\/schneider-it.systems\/wp-content\/uploads\/2020\/10\/PWI_Main.jpg","contentUrl":"https:\/\/schneider-it.systems\/wp-content\/uploads\/2020\/10\/PWI_Main.jpg","width":929,"height":687},{"@type":"BreadcrumbList","@id":"https:\/\/schneider-it.systems\/index.php\/wartungsverwaltung\/#breadcrumb","itemListElement":[{"@type":"ListItem","position":1,"name":"Home","item":"https:\/\/schneider-it.systems\/"},{"@type":"ListItem","position":2,"name":"wartungsverwaltung"}]},{"@type":"WebSite","@id":"https:\/\/schneider-it.systems\/#website","url":"https:\/\/schneider-it.systems\/","name":"","description":"smarte software * schnelle L\u00f6sung","potentialAction":[{"@type":"SearchAction","target":{"@type":"EntryPoint","urlTemplate":"https:\/\/schneider-it.systems\/?s={search_term_string}"},"query-input":{"@type":"PropertyValueSpecification","valueRequired":true,"valueName":"search_term_string"}}],"inLanguage":"de"}]}},"_links":{"self":[{"href":"https:\/\/schneider-it.systems\/index.php\/wp-json\/wp\/v2\/pages\/79","targetHints":{"allow":["GET"]}}],"collection":[{"href":"https:\/\/schneider-it.systems\/index.php\/wp-json\/wp\/v2\/pages"}],"about":[{"href":"https:\/\/schneider-it.systems\/index.php\/wp-json\/wp\/v2\/types\/page"}],"author":[{"embeddable":true,"href":"https:\/\/schneider-it.systems\/index.php\/wp-json\/wp\/v2\/users\/1"}],"replies":[{"embeddable":true,"href":"https:\/\/schneider-it.systems\/index.php\/wp-json\/wp\/v2\/comments?post=79"}],"version-history":[{"count":0,"href":"https:\/\/schneider-it.systems\/index.php\/wp-json\/wp\/v2\/pages\/79\/revisions"}],"wp:attachment":[{"href":"https:\/\/schneider-it.systems\/index.php\/wp-json\/wp\/v2\/media?parent=79"}],"curies":[{"name":"wp","href":"https:\/\/api.w.org\/{rel}","templated":true}]}}